{"id":39606,"date":"2014-11-16T11:43:36","date_gmt":"2014-11-16T10:43:36","guid":{"rendered":"https:\/\/kiteshop.sk\/faq\/"},"modified":"2019-05-17T15:04:05","modified_gmt":"2019-05-17T13:04:05","slug":"faq","status":"publish","type":"page","link":"https:\/\/kiteshop.sk\/en\/faq\/","title":{"rendered":"FAQ"},"content":{"rendered":"<div class=\"wpb-content-wrapper\"><p>[vc_row type=&#8221;vc_default&#8221; margin_top=&#8221;0&#8243; margin_bottom=&#8221;-50&#8243; css=&#8221;.vc_custom_1491990393354{padding-top: 60px !important;padding-bottom: 20px !important;}&#8221;][vc_column offset=&#8221;vc_col-lg-6 vc_col-md-6 vc_col-xs-12&#8243; css=&#8221;.vc_custom_1491990396866{padding-bottom: 50px !important;}&#8221;]<div id=\"ultimate-heading-560669d769af68e83\" class=\"uvc-heading ult-adjust-bottom-margin ultimate-heading-560669d769af68e83 uvc-254 \" data-hspacer=\"line_with_icon\" data-hline_width=\"230\" data-hicon_type=\"selector\" data-hborder_style=\"solid\" data-hborder_height=\"2\" data-hborder_color=\"rgba(204,204,204,0.85)\" data-icon_width=\"14\" data-hfixer=\"10\"  data-halign=\"center\" style=\"text-align:center\"><div class=\"uvc-main-heading ult-responsive\"  data-ultimate-target='.uvc-heading.ultimate-heading-560669d769af68e83 h2'  data-responsive-json-new='{\"font-size\":\"desktop:20px;\",\"line-height\":\"desktop:30px;\"}' ><h2 style=\"font-weight:bold;\">WHAT DO YOU USUALLY ASK?<\/h2><\/div><div class=\"uvc-heading-spacer line_with_icon\" style=\"margin-bottom:40px;height:14px;\"><div class=\"ult-just-icon-wrapper  \"><div class=\"align-icon\" style=\"text-align:center;\">\n<div class=\"aio-icon none \"  style=\"color:#cccccc;font-size:14px;display:inline-block;\">\n\t<i class=\"icomoon-font-awesome-14x14-star\"><\/i>\n<\/div><\/div><\/div><\/div><\/div>[vc_accordion active_tab=&#8221;false&#8221; collapsible=&#8221;yes&#8221; style=&#8221;2&#8243;][vc_accordion_tab title=&#8221;M\u00e1m z\u00e1ujem o ist\u00fd produkt, ktor\u00fd m\u00e1te v shope. Je skladom?&#8221;][vc_column_text]Hej, v\u0161etko \u010do n\u00e1jdete u n\u00e1s v shope m\u00e1me aj skladom a m\u00f4\u017ee by\u0165 odoslan\u00e9 obratom. V\u00fdnimkou s\u00fa len kity, ktor\u00e9 vieme v\u0161ak z extern\u00e9ho skladu zabezpe\u010di\u0165 v priebehu dvoch, troch dn\u00ed.[\/vc_column_text][\/vc_accordion_tab][vc_accordion_tab title=&#8221;Nena\u0161iel som ve\u013ekos\u0165 kitu\/boardu o ktor\u00fa m\u00e1m z\u00e1ujem. D\u00e1 sa objedna\u0165?&#8221;][vc_column_text]V\u017edy sa sna\u017e\u00edme uvies\u0165 be\u017en\u00e9 ve\u013ekosti o ktor\u00fdch sme presved\u010den\u00ed, \u017ee maj\u00fa zmysel aj v na\u0161ich podmienkach. Ak m\u00e1\u0161 z\u00e1ujem o in\u00fa ve\u013ekos\u0165, k\u013eudne n\u00e1m nap\u00ed\u0161 oh\u013eadne dostupnosti a cenovej ponuky.[\/vc_column_text][\/vc_accordion_tab][vc_accordion_tab title=&#8221;Na\u0161iel som podobn\u00fd produkt lacnej\u0161ie, d\u00e1 sa nie\u010do urobi\u0165 s cenou?&#8221;][vc_column_text]Samozrejme, s cenou sa v\u017edy nie\u010do urobi\u0165 d\u00e1![\/vc_column_text][\/vc_accordion_tab][vc_accordion_tab title=&#8221;Nem\u00e1m PAYPAL \u00fa\u010det, m\u00f4\u017eem zaplati\u0165 aj platobnou kartou?&#8221;][vc_column_text]Pri platbe protredn\u00edctvom PAYPAL netreba ma\u0165 zalo\u017een\u00fd vlastn\u00fd \u00fa\u010det. Funguje to taktie\u017e s be\u017en\u00fdmi platobn\u00fdmi kartami.[\/vc_column_text][\/vc_accordion_tab][vc_accordion_tab title=&#8221;Nie som si ist\u00fd ak\u00fa ve\u013ekos\u0165 neopr\u00e9nu\/trap\u00e9zu\/oble\u010denia potrebujem, m\u00f4\u017eem si pr\u00eds\u0165 produkt vysk\u00fa\u0161a\u0165?&#8221;][vc_column_text]Ked\u017ee nie sme kamenn\u00fd obchod to je so sk\u00fa\u0161an\u00edm trochu komplikovan\u00e9! Najjednoduch\u0161ie rie\u0161enie je tak\u00e9, \u017ee za\u0161leme obe ve\u013ekosti ktor\u00e9 by pri\u0161li do \u00favahy a t\u00fa ktor\u00e1 nebude pasova\u0165 po\u0161le\u0161 sp\u00e4\u0165. Samozrejme, predt\u00fdm ti porad\u00edme pr\u00edp. porovn\u00e1me s ve\u013eskostn\u00fdmi tabu\u013ekami.[\/vc_column_text][\/vc_accordion_tab][vc_accordion_tab title=&#8221;M\u00f4\u017eem si objedn\u00e1vku vyzdvihn\u00fa\u0165 osobne?&#8221;][vc_column_text]Ke\u010f\u017ee nie sme kamenn\u00fd obchod je to s osobn\u00fdm vyzdvihnut\u00edm trochu komplikovan\u00e9. Nie v\u017edy sme na adrese shopu zastihnute\u013en\u00ed, hlavne ke\u010f f\u00faka \ud83d\ude09 Taktie\u017e mo\u017ee by\u0165 osobn\u00fd odber v porovnan\u00ed s doru\u010den\u00edm po\u0161tou neekonomick\u00fd. V naliehav\u00fdch pr\u00edpadoch n\u00e1s kontaktujte, mo\u017eno sa n\u00e1m podar\u00ed dohodn\u00fa\u0165.[\/vc_column_text][\/vc_accordion_tab][vc_accordion_tab title=&#8221;Po\u0161lete mi tovar aj na dobierku?&#8221;][vc_column_text]Tovar zvy\u010dajne na dobierku neposielame. Ak to s\u00fari, m\u00e1\u0161 mo\u017enos\u0165 platby cez PAYPAL (vlastn\u00fd \u00fa\u010det nie je potrebn\u00fd, sta\u010d\u00ed be\u017en\u00e1 platobn\u00e1 karta). \u010ci by sme urobili v\u00fdnimku? Pri men\u0161\u00edch polo\u017ek\u00e1ch mo\u017eno hej.[\/vc_column_text][\/vc_accordion_tab][vc_accordion_tab title=&#8221;Ako dlho budem \u010daka\u0165 na tovar?&#8221;][vc_column_text]Poprosili by sme \u0165a, daj n\u00e1m \u010das na spracovanie objedn\u00e1vky 1 &#8211; 3 dni.<\/p>\n<p>Ak bude uhraden\u00e1 ihne\u010f prostredn\u00edctvom PAYPAL, pok\u00fasime sa ju v tejto dobe aj odosla\u0165. Pri \u00fahrade na bankov\u00fd \u00fa\u010det bude odoslan\u00e1 po prip\u00edsan\u00ed prostriedkov na n\u00e1\u0161 \u00fa\u010det.<\/p>\n<p>Pri objedn\u00e1vke kitov sa doba pred\u013a\u017ei o 2 &#8211; 3 dni, to\u013eko n\u00e1m potrv\u00e1 presun z extern\u00e9ho skladu.<\/p>\n<p>V\u0161etko ostatn\u00e9 z\u00e1vis\u00ed od prepravcu. Aj so Slovenskou po\u0161tou m\u00e1me dobr\u00e9 sk\u00fasenosti, niekedy bal\u00edk pr\u00edde na druh\u00fd \u010fen, v\u00e4c\u0161inou ten nasleduj\u00faci, netreba sa na to ale spolieha\u0165 pred Vianocami![\/vc_column_text][\/vc_accordion_tab][\/vc_accordion][\/vc_column][vc_column offset=&#8221;vc_col-lg-6 vc_col-md-6 vc_col-xs-12&#8243; css=&#8221;.vc_custom_1491744105105{padding-bottom: 50px !important;}&#8221;]<div id=\"ultimate-heading-146069d769af68f7a\" class=\"uvc-heading ult-adjust-bottom-margin ultimate-heading-146069d769af68f7a uvc-8811 \" data-hspacer=\"line_with_icon\" data-hline_width=\"230\" data-hicon_type=\"selector\" data-hborder_style=\"solid\" data-hborder_height=\"2\" data-hborder_color=\"rgba(204,204,204,0.85)\" data-icon_width=\"14\" data-hfixer=\"10\"  data-halign=\"center\" style=\"text-align:center\"><div class=\"uvc-main-heading ult-responsive\"  data-ultimate-target='.uvc-heading.ultimate-heading-146069d769af68f7a h2'  data-responsive-json-new='{\"font-size\":\"desktop:20px;\",\"line-height\":\"desktop:30px;\"}' ><h2 style=\"font-weight:bold;\">NENA\u0160LI STE ODPOVE\u010e?<\/h2><\/div><div class=\"uvc-heading-spacer line_with_icon\" style=\"margin-bottom:40px;height:14px;\"><div class=\"ult-just-icon-wrapper  \"><div class=\"align-icon\" style=\"text-align:center;\">\n<div class=\"aio-icon none \"  style=\"color:#cccccc;font-size:14px;display:inline-block;\">\n\t<i class=\"icomoon-font-awesome-14x14-star\"><\/i>\n<\/div><\/div><\/div><\/div><\/div>[vc_column_text css=&#8221;.vc_custom_1553281381910{padding-bottom: 35px !important;}&#8221;]K\u013eudne sa p\u00fdtajte! Telefonicky, cez Facebook alebo Whatsapp, priamo na dole uveden\u00fd email alebo cez kontaktn\u00fd formul\u00e1r. Budeme sa sna\u017ei\u0165 \u010do najsk\u00f4r odpoveda\u0165, ak samozrejme zrovna nebude f\u00faka\u0165 ;-)[\/vc_column_text]<form class=\"dt-contact-form dt-form\" method=\"post\"><input type=\"hidden\" name=\"widget_id\" value=\"presscore-contact-form-widget--1\" \/><input type=\"hidden\" name=\"send_message\" value=\"\" \/><input type=\"hidden\" name=\"security_token\" value=\"206e7bc7db7034acb9c7\"\/><div class=\"form-fields\"><span class=\"form-name\"><label class=\"assistive-text\">Name *<\/label><input type=\"text\" class=\"validate[required]\" placeholder=\"Name *\" name=\"name\" value=\"\" aria-required=\"true\">\n<\/span><span class=\"form-mail\"><label class=\"assistive-text\">E-mail *<\/label><input type=\"text\" class=\"validate[required,custom[email]]\" placeholder=\"E-mail *\" name=\"email\" value=\"\" aria-required=\"true\">\n<\/span><\/div><span class=\"form-message\"><label class=\"assistive-text\">Message *<\/label><textarea class=\"validate[required]\" placeholder=\"Message *\" name=\"message\" rows=\"5\" aria-required=\"true\"><\/textarea>\n<\/span><p><a href=\"#\" class=\"dt-btn dt-btn-m dt-btn-submit\" rel=\"nofollow\"><span>Odosla\u0165<\/span><\/a><input class=\"assistive-text\" type=\"submit\" value=\"submit\"><\/p><\/form>\n[\/vc_column][\/vc_row]<\/p>\n<\/div>","protected":false},"excerpt":{"rendered":"<p>[vc_row type=&#8221;vc_default&#8221; margin_top=&#8221;0&#8243; margin_bottom=&#8221;-50&#8243; css=&#8221;.vc_custom_1491990393354{padding-top: 60px !important;padding-bottom: 20px !important;}&#8221;][vc_column offset=&#8221;vc_col-lg-6 vc_col-md-6 vc_col-xs-12&#8243; css=&#8221;.vc_custom_1491990396866{padding-bottom: 50px !important;}&#8221;][vc_accordion active_tab=&#8221;false&#8221; collapsible=&#8221;yes&#8221; style=&#8221;2&#8243;][vc_accordion_tab title=&#8221;M\u00e1m z\u00e1ujem o ist\u00fd produkt, ktor\u00fd m\u00e1te v shope. Je skladom?&#8221;][vc_column_text]Hej, v\u0161etko \u010do n\u00e1jdete u n\u00e1s v shope m\u00e1me aj skladom a m\u00f4\u017ee by\u0165 odoslan\u00e9 obratom. V\u00fdnimkou s\u00fa len kity, ktor\u00e9 vieme v\u0161ak z extern\u00e9ho skladu zabezpe\u010di\u0165&hellip;<\/p>\n","protected":false},"author":7,"featured_media":0,"parent":0,"menu_order":970,"comment_status":"closed","ping_status":"closed","template":"","meta":{"footnotes":""},"class_list":["post-39606","page","type-page","status-publish","hentry","description-off"],"yoast_head":"<!-- This site is optimized with the Yoast SEO plugin v26.7 - https:\/\/yoast.com\/wordpress\/plugins\/seo\/ -->\n<title>FAQ &#187; Nav\u0161t\u00edv n\u00e1s v KITESHOP.SK<\/title>\n<meta name=\"description\" content=\"V\u0161etko \u010do spr\u00e1vny kiter potrebuje: kite, kiteboard, foil, neopr\u00e9n, trap\u00e9z, ta\u0161ky a mnoho \u010fal\u0161ieho pr\u00edslu\u0161entstva. A nielen na kitesurfing!\" \/>\n<meta name=\"robots\" content=\"index, follow, max-snippet:-1, max-image-preview:large, max-video-preview:-1\" \/>\n<link rel=\"canonical\" href=\"https:\/\/kiteshop.sk\/en\/faq\/\" \/>\n<meta property=\"og:locale\" content=\"en_US\" \/>\n<meta property=\"og:type\" content=\"article\" \/>\n<meta property=\"og:title\" content=\"FAQ &#187; Nav\u0161t\u00edv n\u00e1s v KITESHOP.SK\" \/>\n<meta property=\"og:description\" content=\"V\u0161etko \u010do spr\u00e1vny kiter potrebuje: kite, kiteboard, foil, neopr\u00e9n, trap\u00e9z, ta\u0161ky a mnoho \u010fal\u0161ieho pr\u00edslu\u0161entstva. A nielen na kitesurfing!\" \/>\n<meta property=\"og:url\" content=\"https:\/\/kiteshop.sk\/en\/faq\/\" \/>\n<meta property=\"og:site_name\" content=\"KITESHOP.SK\" \/>\n<meta property=\"article:modified_time\" content=\"2019-05-17T13:04:05+00:00\" \/>\n<meta name=\"twitter:card\" content=\"summary_large_image\" \/>\n<meta name=\"twitter:label1\" content=\"Est. reading time\" \/>\n\t<meta name=\"twitter:data1\" content=\"4 minutes\" \/>\n<script type=\"application\/ld+json\" class=\"yoast-schema-graph\">{\"@context\":\"https:\/\/schema.org\",\"@graph\":[{\"@type\":\"WebPage\",\"@id\":\"https:\/\/kiteshop.sk\/en\/faq\/\",\"url\":\"https:\/\/kiteshop.sk\/en\/faq\/\",\"name\":\"FAQ &#187; Nav\u0161t\u00edv n\u00e1s v KITESHOP.SK\",\"isPartOf\":{\"@id\":\"https:\/\/kiteshop.sk\/en\/#website\"},\"datePublished\":\"2014-11-16T10:43:36+00:00\",\"dateModified\":\"2019-05-17T13:04:05+00:00\",\"description\":\"V\u0161etko \u010do spr\u00e1vny kiter potrebuje: kite, kiteboard, foil, neopr\u00e9n, trap\u00e9z, ta\u0161ky a mnoho \u010fal\u0161ieho pr\u00edslu\u0161entstva. A nielen na kitesurfing!\",\"breadcrumb\":{\"@id\":\"https:\/\/kiteshop.sk\/en\/faq\/#breadcrumb\"},\"inLanguage\":\"en-US\",\"potentialAction\":[{\"@type\":\"ReadAction\",\"target\":[\"https:\/\/kiteshop.sk\/en\/faq\/\"]}]},{\"@type\":\"BreadcrumbList\",\"@id\":\"https:\/\/kiteshop.sk\/en\/faq\/#breadcrumb\",\"itemListElement\":[{\"@type\":\"ListItem\",\"position\":1,\"name\":\"Home\",\"item\":\"https:\/\/kiteshop.sk\/en\/home\/\"},{\"@type\":\"ListItem\",\"position\":2,\"name\":\"FAQ\"}]},{\"@type\":\"WebSite\",\"@id\":\"https:\/\/kiteshop.sk\/en\/#website\",\"url\":\"https:\/\/kiteshop.sk\/en\/\",\"name\":\"KITESHOP.SK\",\"description\":\"All you need to be a real kiter!\",\"publisher\":{\"@id\":\"https:\/\/kiteshop.sk\/en\/#organization\"},\"potentialAction\":[{\"@type\":\"SearchAction\",\"target\":{\"@type\":\"EntryPoint\",\"urlTemplate\":\"https:\/\/kiteshop.sk\/en\/?s={search_term_string}\"},\"query-input\":{\"@type\":\"PropertyValueSpecification\",\"valueRequired\":true,\"valueName\":\"search_term_string\"}}],\"inLanguage\":\"en-US\"},{\"@type\":\"Organization\",\"@id\":\"https:\/\/kiteshop.sk\/en\/#organization\",\"name\":\"KITESHOP.SK\",\"url\":\"https:\/\/kiteshop.sk\/en\/\",\"logo\":{\"@type\":\"ImageObject\",\"inLanguage\":\"en-US\",\"@id\":\"https:\/\/kiteshop.sk\/en\/#\/schema\/logo\/image\/\",\"url\":\"https:\/\/kiteshop.sk\/wp-content\/uploads\/2019\/05\/Kiteshop_logo_h110.png\",\"contentUrl\":\"https:\/\/kiteshop.sk\/wp-content\/uploads\/2019\/05\/Kiteshop_logo_h110.png\",\"width\":342,\"height\":110,\"caption\":\"KITESHOP.SK\"},\"image\":{\"@id\":\"https:\/\/kiteshop.sk\/en\/#\/schema\/logo\/image\/\"}}]}<\/script>\n<!-- \/ Yoast SEO plugin. -->","yoast_head_json":{"title":"FAQ &#187; Nav\u0161t\u00edv n\u00e1s v KITESHOP.SK","description":"V\u0161etko \u010do spr\u00e1vny kiter potrebuje: kite, kiteboard, foil, neopr\u00e9n, trap\u00e9z, ta\u0161ky a mnoho \u010fal\u0161ieho pr\u00edslu\u0161entstva. A nielen na kitesurfing!","robots":{"index":"index","follow":"follow","max-snippet":"max-snippet:-1","max-image-preview":"max-image-preview:large","max-video-preview":"max-video-preview:-1"},"canonical":"https:\/\/kiteshop.sk\/en\/faq\/","og_locale":"en_US","og_type":"article","og_title":"FAQ &#187; Nav\u0161t\u00edv n\u00e1s v KITESHOP.SK","og_description":"V\u0161etko \u010do spr\u00e1vny kiter potrebuje: kite, kiteboard, foil, neopr\u00e9n, trap\u00e9z, ta\u0161ky a mnoho \u010fal\u0161ieho pr\u00edslu\u0161entstva. A nielen na kitesurfing!","og_url":"https:\/\/kiteshop.sk\/en\/faq\/","og_site_name":"KITESHOP.SK","article_modified_time":"2019-05-17T13:04:05+00:00","twitter_card":"summary_large_image","twitter_misc":{"Est. reading time":"4 minutes"},"schema":{"@context":"https:\/\/schema.org","@graph":[{"@type":"WebPage","@id":"https:\/\/kiteshop.sk\/en\/faq\/","url":"https:\/\/kiteshop.sk\/en\/faq\/","name":"FAQ &#187; Nav\u0161t\u00edv n\u00e1s v KITESHOP.SK","isPartOf":{"@id":"https:\/\/kiteshop.sk\/en\/#website"},"datePublished":"2014-11-16T10:43:36+00:00","dateModified":"2019-05-17T13:04:05+00:00","description":"V\u0161etko \u010do spr\u00e1vny kiter potrebuje: kite, kiteboard, foil, neopr\u00e9n, trap\u00e9z, ta\u0161ky a mnoho \u010fal\u0161ieho pr\u00edslu\u0161entstva. A nielen na kitesurfing!","breadcrumb":{"@id":"https:\/\/kiteshop.sk\/en\/faq\/#breadcrumb"},"inLanguage":"en-US","potentialAction":[{"@type":"ReadAction","target":["https:\/\/kiteshop.sk\/en\/faq\/"]}]},{"@type":"BreadcrumbList","@id":"https:\/\/kiteshop.sk\/en\/faq\/#breadcrumb","itemListElement":[{"@type":"ListItem","position":1,"name":"Home","item":"https:\/\/kiteshop.sk\/en\/home\/"},{"@type":"ListItem","position":2,"name":"FAQ"}]},{"@type":"WebSite","@id":"https:\/\/kiteshop.sk\/en\/#website","url":"https:\/\/kiteshop.sk\/en\/","name":"KITESHOP.SK","description":"All you need to be a real kiter!","publisher":{"@id":"https:\/\/kiteshop.sk\/en\/#organization"},"potentialAction":[{"@type":"SearchAction","target":{"@type":"EntryPoint","urlTemplate":"https:\/\/kiteshop.sk\/en\/?s={search_term_string}"},"query-input":{"@type":"PropertyValueSpecification","valueRequired":true,"valueName":"search_term_string"}}],"inLanguage":"en-US"},{"@type":"Organization","@id":"https:\/\/kiteshop.sk\/en\/#organization","name":"KITESHOP.SK","url":"https:\/\/kiteshop.sk\/en\/","logo":{"@type":"ImageObject","inLanguage":"en-US","@id":"https:\/\/kiteshop.sk\/en\/#\/schema\/logo\/image\/","url":"https:\/\/kiteshop.sk\/wp-content\/uploads\/2019\/05\/Kiteshop_logo_h110.png","contentUrl":"https:\/\/kiteshop.sk\/wp-content\/uploads\/2019\/05\/Kiteshop_logo_h110.png","width":342,"height":110,"caption":"KITESHOP.SK"},"image":{"@id":"https:\/\/kiteshop.sk\/en\/#\/schema\/logo\/image\/"}}]}},"_links":{"self":[{"href":"https:\/\/kiteshop.sk\/en\/wp-json\/wp\/v2\/pages\/39606","targetHints":{"allow":["GET"]}}],"collection":[{"href":"https:\/\/kiteshop.sk\/en\/wp-json\/wp\/v2\/pages"}],"about":[{"href":"https:\/\/kiteshop.sk\/en\/wp-json\/wp\/v2\/types\/page"}],"author":[{"embeddable":true,"href":"https:\/\/kiteshop.sk\/en\/wp-json\/wp\/v2\/users\/7"}],"replies":[{"embeddable":true,"href":"https:\/\/kiteshop.sk\/en\/wp-json\/wp\/v2\/comments?post=39606"}],"version-history":[{"count":0,"href":"https:\/\/kiteshop.sk\/en\/wp-json\/wp\/v2\/pages\/39606\/revisions"}],"wp:attachment":[{"href":"https:\/\/kiteshop.sk\/en\/wp-json\/wp\/v2\/media?parent=39606"}],"curies":[{"name":"wp","href":"https:\/\/api.w.org\/{rel}","templated":true}]}}