{"id":40329,"date":"2014-04-23T16:14:38","date_gmt":"2014-04-23T14:14:38","guid":{"rendered":"https:\/\/kiteshop.sk\/contact\/"},"modified":"2021-05-17T13:38:44","modified_gmt":"2021-05-17T11:38:44","slug":"contact","status":"publish","type":"page","link":"https:\/\/kiteshop.sk\/en\/contact\/","title":{"rendered":"Contact"},"content":{"rendered":"<div class=\"wpb-content-wrapper\"><p>[vc_row full_width=&#8221;stretch_row&#8221; equal_height=&#8221;yes&#8221; bg_type=&#8221;bg_color&#8221; type=&#8221;vc_default&#8221; margin_top=&#8221;75&#8243; margin_bottom=&#8221;-20&#8243; css=&#8221;.vc_custom_1491991822511{padding-top: 60px !important;padding-bottom: 60px !important;background-color: #ffffff !important;}&#8221; bg_color_value=&#8221;#ffffff&#8221;][vc_column offset=&#8221;vc_col-lg-offset-2 vc_col-lg-8 vc_col-md-offset-1 vc_col-md-11 vc_col-sm-offset-0&#8243;]<div id=\"ultimate-heading-332469d8b5a883984\" class=\"uvc-heading ult-adjust-bottom-margin ultimate-heading-332469d8b5a883984 uvc-3435 \" data-hspacer=\"no_spacer\"  data-halign=\"center\" style=\"text-align:center\"><div class=\"uvc-heading-spacer no_spacer\" style=\"top\"><\/div><div class=\"uvc-main-heading ult-responsive\"  data-ultimate-target='.uvc-heading.ultimate-heading-332469d8b5a883984 h2'  data-responsive-json-new='{\"font-size\":\"desktop:20px;\",\"line-height\":\"desktop:30px;\"}' ><h2 style=\"font-weight:bold;\">YOU HAVE ANY QUESTIONS? CONTACT US!<\/h2><\/div><\/div>[vc_empty_space]<div class=\"wpforms-container wpforms-container-full\" id=\"wpforms-43482\"><form id=\"wpforms-form-43482\" class=\"wpforms-validate wpforms-form\" data-formid=\"43482\" method=\"post\" enctype=\"multipart\/form-data\" action=\"\/en\/wp-json\/wp\/v2\/pages\/40329\" data-token=\"beefdba346c2e32c87c580e288e4145f\" data-token-time=\"1775809960\"><noscript class=\"wpforms-error-noscript\">Please enable JavaScript in your browser to complete this form.<\/noscript><div class=\"wpforms-field-container\"><div id=\"wpforms-43482-field_0-container\" class=\"wpforms-field wpforms-field-name\" data-field-id=\"0\"><label class=\"wpforms-field-label\" for=\"wpforms-43482-field_0\">Name <span class=\"wpforms-required-label\">*<\/span><\/label><input type=\"text\" id=\"wpforms-43482-field_0\" class=\"wpforms-field-large wpforms-field-required\" name=\"wpforms[fields][0]\" required><\/div><div id=\"wpforms-43482-field_1-container\" class=\"wpforms-field wpforms-field-email\" data-field-id=\"1\"><label class=\"wpforms-field-label\" for=\"wpforms-43482-field_1\">Email <span class=\"wpforms-required-label\">*<\/span><\/label><input type=\"email\" id=\"wpforms-43482-field_1\" class=\"wpforms-field-large wpforms-field-required\" name=\"wpforms[fields][1]\" spellcheck=\"false\" required><\/div><div id=\"wpforms-43482-field_3-container\" class=\"wpforms-field wpforms-field-text\" data-field-id=\"3\"><label class=\"wpforms-field-label\" for=\"wpforms-43482-field_3\">Subject <span class=\"wpforms-required-label\">*<\/span><\/label><input type=\"text\" id=\"wpforms-43482-field_3\" class=\"wpforms-field-large wpforms-field-required\" name=\"wpforms[fields][3]\" required><\/div><div id=\"wpforms-43482-field_2-container\" class=\"wpforms-field wpforms-field-textarea\" data-field-id=\"2\"><label class=\"wpforms-field-label\" for=\"wpforms-43482-field_2\">Message <span class=\"wpforms-required-label\">*<\/span><\/label><textarea id=\"wpforms-43482-field_2\" class=\"wpforms-field-medium wpforms-field-required\" name=\"wpforms[fields][2]\" required><\/textarea><\/div><\/div><!-- .wpforms-field-container --><div class=\"wpforms-recaptcha-container wpforms-is-recaptcha wpforms-is-recaptcha-type-v3\" ><input type=\"hidden\" name=\"wpforms[recaptcha]\" value=\"\"><\/div><div class=\"wpforms-submit-container\" ><input type=\"hidden\" name=\"wpforms[id]\" value=\"43482\"><input type=\"hidden\" name=\"page_title\" value=\"\"><input type=\"hidden\" name=\"page_url\" value=\"https:\/\/kiteshop.sk\/en\/wp-json\/wp\/v2\/pages\/40329\"><input type=\"hidden\" name=\"url_referer\" value=\"\"><button type=\"submit\" name=\"wpforms[submit]\" id=\"wpforms-submit-43482\" class=\"wpforms-submit\" data-alt-text=\"SENDING...\" data-submit-text=\"SEND\" aria-live=\"assertive\" value=\"wpforms-submit\">SEND<\/button><\/div><\/form><\/div>  <!-- .wpforms-container -->[\/vc_column][vc_column css=&#8221;.vc_custom_1491991848941{padding-bottom: 30px !important;}&#8221; offset=&#8221;vc_col-lg-offset-1 vc_col-lg-10 vc_col-md-offset-0 vc_col-md-12 vc_col-sm-offset-0&#8243;][vc_empty_space][vc_row_inner equal_height=&#8221;yes&#8221;][vc_column_inner width=&#8221;1\/3&#8243; css=&#8221;.vc_custom_1479032888299{padding-bottom: 35px !important;}&#8221;]<div id=\"ultimate-heading-304569d8b5a884d1b\" class=\"uvc-heading ult-adjust-bottom-margin ultimate-heading-304569d8b5a884d1b uvc-2246 color-title accent-icon-color\" data-hspacer=\"icon_only\"  data-halign=\"center\" style=\"text-align:center\"><div class=\"uvc-heading-spacer icon_only\" style=\"margin-bottom:20px;\"><div class=\"ult-just-icon-wrapper  \"><div class=\"align-icon\" style=\"text-align:center;\">\n<div class=\"aio-icon none \"  style=\"font-size:48px;display:inline-block;\">\n\t<i class=\"icomoon-font-awesome-14x14-globe\"><\/i>\n<\/div><\/div><\/div><\/div><div class=\"uvc-main-heading ult-responsive\"  data-ultimate-target='.uvc-heading.ultimate-heading-304569d8b5a884d1b h2'  data-responsive-json-new='{\"font-size\":\"desktop:14px;\",\"line-height\":\"desktop:24px;\"}' ><h2 style=\"font-weight:bold;color:#aaaaaa;margin-bottom:4px;\">Company address<\/h2><\/div><div class=\"uvc-sub-heading ult-responsive\"  data-ultimate-target='.uvc-heading.ultimate-heading-304569d8b5a884d1b .uvc-sub-heading '  data-responsive-json-new='{\"font-size\":\"desktop:20px;\",\"line-height\":\"desktop:30px;\"}'  style=\"font-family:&#039;Roboto Condensed&#039;;font-weight:700;margin-bottom:0px;\"><strong>Whitecap s. r. o.<\/strong><\/p>\n<p>Parkov\u00e1 489\/22<br \/>\n95617 Sol\u010dany<\/div><\/div>[\/vc_column_inner][vc_column_inner width=&#8221;1\/3&#8243; css=&#8221;.vc_custom_1479032916919{padding-bottom: 35px !important;}&#8221;]<div id=\"ultimate-heading-753569d8b5a884e00\" class=\"uvc-heading ult-adjust-bottom-margin ultimate-heading-753569d8b5a884e00 uvc-5047 color-title accent-icon-color\" data-hspacer=\"icon_only\"  data-halign=\"center\" style=\"text-align:center\"><div class=\"uvc-heading-spacer icon_only\" style=\"margin-bottom:20px;\"><div class=\"ult-just-icon-wrapper  \"><div class=\"align-icon\" style=\"text-align:center;\">\n<div class=\"aio-icon none \"  style=\"font-size:48px;display:inline-block;\">\n\t<i class=\"icomoon-font-awesome-14x14-phone-square\"><\/i>\n<\/div><\/div><\/div><\/div><div class=\"uvc-main-heading ult-responsive\"  data-ultimate-target='.uvc-heading.ultimate-heading-753569d8b5a884e00 h2'  data-responsive-json-new='{\"font-size\":\"desktop:14px;\",\"line-height\":\"desktop:24px;\"}' ><h2 style=\"font-weight:bold;color:#aaaaaa;margin-bottom:4px;\">Phone \/ Whatsapp<\/h2><\/div><div class=\"uvc-sub-heading ult-responsive\"  data-ultimate-target='.uvc-heading.ultimate-heading-753569d8b5a884e00 .uvc-sub-heading '  data-responsive-json-new='{\"font-size\":\"desktop:20px;\",\"line-height\":\"desktop:30px;\"}'  style=\"font-family:&#039;Roboto Condensed&#039;;font-weight:700;margin-bottom:0px;\">+421 940 877 997<\/div><\/div>[\/vc_column_inner][vc_column_inner width=&#8221;1\/3&#8243; css=&#8221;.vc_custom_1479032922138{padding-bottom: 35px !important;}&#8221;]<div id=\"ultimate-heading-251569d8b5a884ee0\" class=\"uvc-heading ult-adjust-bottom-margin ultimate-heading-251569d8b5a884ee0 uvc-385 color-title accent-icon-color\" data-hspacer=\"icon_only\"  data-halign=\"center\" style=\"text-align:center\"><div class=\"uvc-heading-spacer icon_only\" style=\"margin-bottom:20px;\"><div class=\"ult-just-icon-wrapper  \"><div class=\"align-icon\" style=\"text-align:center;\">\n<div class=\"aio-icon none \"  style=\"font-size:48px;display:inline-block;\">\n\t<i class=\"icomoon-font-awesome-14x14-envelope-square\"><\/i>\n<\/div><\/div><\/div><\/div><div class=\"uvc-main-heading ult-responsive\"  data-ultimate-target='.uvc-heading.ultimate-heading-251569d8b5a884ee0 h2'  data-responsive-json-new='{\"font-size\":\"desktop:14px;\",\"line-height\":\"desktop:24px;\"}' ><h2 style=\"font-weight:bold;color:#aaaaaa;margin-bottom:4px;\">E-mail<\/h2><\/div><div class=\"uvc-sub-heading ult-responsive\"  data-ultimate-target='.uvc-heading.ultimate-heading-251569d8b5a884ee0 .uvc-sub-heading '  data-responsive-json-new='{\"font-size\":\"desktop:20px;\",\"line-height\":\"desktop:30px;\"}'  style=\"font-family:&#039;Roboto Condensed&#039;;font-weight:700;margin-bottom:0px;\">info@kiteshop.sk<\/div><\/div>[\/vc_column_inner][\/vc_row_inner]<div id=\"ultimate-heading-51269d8b5a884fca\" class=\"uvc-heading ult-adjust-bottom-margin ultimate-heading-51269d8b5a884fca uvc-9242 color-title accent-icon-color\" data-hspacer=\"icon_only\"  data-halign=\"center\" style=\"text-align:center\"><div class=\"uvc-heading-spacer icon_only\" style=\"margin-bottom:20px;\"><div class=\"ult-just-icon-wrapper  \"><div class=\"align-icon\" style=\"text-align:center;\">\n<div class=\"aio-icon none \"  style=\"font-size:48px;display:inline-block;\">\n\t<i class=\"Defaults-info-circle\"><\/i>\n<\/div><\/div><\/div><\/div><div class=\"uvc-main-heading ult-responsive\"  data-ultimate-target='.uvc-heading.ultimate-heading-51269d8b5a884fca h2'  data-responsive-json-new='{\"font-size\":\"desktop:14px;\",\"line-height\":\"desktop:24px;\"}' ><h2 style=\"font-weight:bold;color:#aaaaaa;margin-bottom:4px;\">Company information<\/h2><\/div><div class=\"uvc-sub-heading ult-responsive\"  data-ultimate-target='.uvc-heading.ultimate-heading-51269d8b5a884fca .uvc-sub-heading '  data-responsive-json-new='{\"font-size\":\"desktop:20px;\",\"line-height\":\"desktop:30px;\"}'  style=\"font-family:&#039;Roboto Condensed&#039;;font-weight:700;margin-bottom:0px;\"><\/p>\n<p style=\"text-align: center;\">ID 51649080, VAT ID SK2120735144<\/p>\n<p style=\"text-align: center;\">Bank account:<\/p>\n<p style=\"text-align: center;\">Fio banka, IBAN: SK3083300000002601438285, BIC\/SWIFT\u00a0FIOZSKBAXXX<\/p>\n<p><\/div><\/div>[\/vc_column][\/vc_row][vc_row bg_type=&#8221;bg_color&#8221; bg_override=&#8221;ex-full&#8221; type=&#8221;vc_default&#8221; css=&#8221;.vc_custom_1491991610586{padding-top: 10px !important;padding-bottom: 10px !important;}&#8221; bg_color_value=&#8221;#f3f3f5&#8243;][vc_column offset=&#8221;vc_col-lg-offset-0 vc_col-lg-12 vc_col-md-offset-0 vc_col-md-12 vc_col-sm-offset-0 vc_col-xs-12&#8243;][vc_row_inner][vc_column_inner width=&#8221;1\/3&#8243;]<div class=\"ult-just-icon-wrapper accent-icon-bg  vc_custom_1553201611109\"><div class=\"align-icon\" style=\"text-align:center;\">\n<a class=\"aio-tooltip 69d8b5a885013\" href=\"https:\/\/www.instagram.com\/kiteshop.sk\/\" target=\"_blank\" rel=\"noopener\"  data-toggle=\"tooltip\" data-placement=\"\"><div class=\"aio-icon advanced \"  style=\"color:#ffffff;border-style:solid;border-color:;border-width:0px;width:50px;height:50px;line-height:50px;border-radius:500px;font-size:28px;display:inline-block;\">\n\t<i class=\"Defaults-instagram\"><\/i>\n<\/div><\/a><\/div><\/div><div id=\"ultimate-heading-492569d8b5a88504e\" class=\"uvc-heading ult-adjust-bottom-margin ultimate-heading-492569d8b5a88504e uvc-6530 accent-subtitle-color\" data-hspacer=\"no_spacer\"  data-halign=\"center\" style=\"text-align:center\"><div class=\"uvc-heading-spacer no_spacer\" style=\"top\"><\/div><div class=\"uvc-main-heading ult-responsive\"  data-ultimate-target='.uvc-heading.ultimate-heading-492569d8b5a88504e h2'  data-responsive-json-new='{\"font-size\":\"desktop:14px;\",\"line-height\":\"desktop:24px;\"}' ><h2 style=\"font-weight:bold;margin-bottom:4px;\">INSTAGRAM<\/h2><\/div><div class=\"uvc-sub-heading ult-responsive\"  data-ultimate-target='.uvc-heading.ultimate-heading-492569d8b5a88504e .uvc-sub-heading '  data-responsive-json-new='{\"font-size\":\"desktop:14px;\",\"line-height\":\"desktop:24px;\"}'  style=\"font-family:&#039;Roboto Condensed&#039;;font-weight:700;margin-bottom:0px;\">@kiteshop.sk<\/div><\/div>[\/vc_column_inner][vc_column_inner width=&#8221;1\/3&#8243;]<div class=\"ult-just-icon-wrapper accent-icon-bg  vc_custom_1553194770179\"><div class=\"align-icon\" style=\"text-align:center;\">\n<a class=\"aio-tooltip 69d8b5a8850a9\" href=\"https:\/\/www.facebook.com\/kiteshop.sk\/\" target=\"_blank\" rel=\"noopener\"  data-toggle=\"tooltip\" data-placement=\"\"><div class=\"aio-icon advanced \"  style=\"color:#ffffff;border-style:solid;border-color:;border-width:0px;width:50px;height:50px;line-height:50px;border-radius:500px;font-size:28px;display:inline-block;\">\n\t<i class=\"icomoon-font-awesome-14x14-facebook facebook-f\"><\/i>\n<\/div><\/a><\/div><\/div><div id=\"ultimate-heading-577669d8b5a8850e7\" class=\"uvc-heading ult-adjust-bottom-margin ultimate-heading-577669d8b5a8850e7 uvc-637 accent-subtitle-color\" data-hspacer=\"no_spacer\"  data-halign=\"center\" style=\"text-align:center\"><div class=\"uvc-heading-spacer no_spacer\" style=\"top\"><\/div><div class=\"uvc-main-heading ult-responsive\"  data-ultimate-target='.uvc-heading.ultimate-heading-577669d8b5a8850e7 h2'  data-responsive-json-new='{\"font-size\":\"desktop:14px;\",\"line-height\":\"desktop:24px;\"}' ><h2 style=\"font-weight:bold;margin-bottom:4px;\">FACEBOOK<\/h2><\/div><div class=\"uvc-sub-heading ult-responsive\"  data-ultimate-target='.uvc-heading.ultimate-heading-577669d8b5a8850e7 .uvc-sub-heading '  data-responsive-json-new='{\"font-size\":\"desktop:14px;\",\"line-height\":\"desktop:24px;\"}'  style=\"font-family:&#039;Roboto Condensed&#039;;font-weight:bold;margin-bottom:0px;\">@kiteshop.sk<\/div><\/div>[\/vc_column_inner][vc_column_inner width=&#8221;1\/3&#8243;]<div class=\"ult-just-icon-wrapper accent-icon-bg  vc_custom_1553194895082\"><div class=\"align-icon\" style=\"text-align:center;\">\n<div class=\"aio-icon advanced \"  style=\"color:#ffffff;border-style:solid;border-color:;border-width:0px;width:50px;height:50px;line-height:50px;border-radius:500px;font-size:28px;display:inline-block;\">\n\t<i class=\"Defaults-whatsapp\"><\/i>\n<\/div><\/div><\/div><div id=\"ultimate-heading-773969d8b5a885173\" class=\"uvc-heading ult-adjust-bottom-margin ultimate-heading-773969d8b5a885173 uvc-7722 accent-subtitle-color\" data-hspacer=\"no_spacer\"  data-halign=\"center\" style=\"text-align:center\"><div class=\"uvc-heading-spacer no_spacer\" style=\"top\"><\/div><div class=\"uvc-main-heading ult-responsive\"  data-ultimate-target='.uvc-heading.ultimate-heading-773969d8b5a885173 h2'  data-responsive-json-new='{\"font-size\":\"desktop:14px;\",\"line-height\":\"desktop:24px;\"}' ><h2 style=\"font-weight:bold;margin-bottom:4px;\">WHATSAPP<\/h2><\/div><div class=\"uvc-sub-heading ult-responsive\"  data-ultimate-target='.uvc-heading.ultimate-heading-773969d8b5a885173 .uvc-sub-heading '  data-responsive-json-new='{\"font-size\":\"desktop:14px;\",\"line-height\":\"desktop:24px;\"}'  style=\"font-family:&#039;Roboto Condensed&#039;;font-weight:bold;margin-bottom:0px;\">+421 940 877 997<\/div><\/div>[\/vc_column_inner][\/vc_row_inner][\/vc_column][\/vc_row]<\/p>\n<\/div>","protected":false},"excerpt":{"rendered":"<p>[vc_row full_width=&#8221;stretch_row&#8221; equal_height=&#8221;yes&#8221; bg_type=&#8221;bg_color&#8221; type=&#8221;vc_default&#8221; margin_top=&#8221;75&#8243; margin_bottom=&#8221;-20&#8243; css=&#8221;.vc_custom_1491991822511{padding-top: 60px !important;padding-bottom: 60px !important;background-color: #ffffff !important;}&#8221; bg_color_value=&#8221;#ffffff&#8221;][vc_column offset=&#8221;vc_col-lg-offset-2 vc_col-lg-8 vc_col-md-offset-1 vc_col-md-11 vc_col-sm-offset-0&#8243;][vc_empty_space][\/vc_column][vc_column css=&#8221;.vc_custom_1491991848941{padding-bottom: 30px !important;}&#8221; offset=&#8221;vc_col-lg-offset-1 vc_col-lg-10 vc_col-md-offset-0 vc_col-md-12 vc_col-sm-offset-0&#8243;][vc_empty_space][vc_row_inner equal_height=&#8221;yes&#8221;][vc_column_inner width=&#8221;1\/3&#8243; css=&#8221;.vc_custom_1479032888299{padding-bottom: 35px !important;}&#8221;][\/vc_column_inner][vc_column_inner width=&#8221;1\/3&#8243; css=&#8221;.vc_custom_1479032916919{padding-bottom: 35px !important;}&#8221;][\/vc_column_inner][vc_column_inner width=&#8221;1\/3&#8243; css=&#8221;.vc_custom_1479032922138{padding-bottom: 35px !important;}&#8221;][\/vc_column_inner][\/vc_row_inner][\/vc_column][\/vc_row][vc_row bg_type=&#8221;bg_color&#8221; bg_override=&#8221;ex-full&#8221; type=&#8221;vc_default&#8221; css=&#8221;.vc_custom_1491991610586{padding-top: 10px !important;padding-bottom: 10px !important;}&#8221; bg_color_value=&#8221;#f3f3f5&#8243;][vc_column offset=&#8221;vc_col-lg-offset-0 vc_col-lg-12 vc_col-md-offset-0 vc_col-md-12 vc_col-sm-offset-0&hellip;<\/p>\n","protected":false},"author":7,"featured_media":0,"parent":0,"menu_order":995,"comment_status":"closed","ping_status":"closed","template":"","meta":{"footnotes":""},"class_list":["post-40329","page","type-page","status-publish","hentry","description-off"],"yoast_head":"<!-- This site is optimized with the Yoast SEO plugin v26.7 - https:\/\/yoast.com\/wordpress\/plugins\/seo\/ -->\n<title>Contact &#187; Nav\u0161t\u00edv n\u00e1s v KITESHOP.SK<\/title>\n<meta name=\"description\" content=\"V\u0161etko \u010do spr\u00e1vny kiter potrebuje: kite, kiteboard, foil, neopr\u00e9n, trap\u00e9z, ta\u0161ky a mnoho \u010fal\u0161ieho pr\u00edslu\u0161entstva. A nielen na kitesurfing!\" \/>\n<meta name=\"robots\" content=\"index, follow, max-snippet:-1, max-image-preview:large, max-video-preview:-1\" \/>\n<link rel=\"canonical\" href=\"https:\/\/kiteshop.sk\/en\/contact\/\" \/>\n<meta property=\"og:locale\" content=\"en_US\" \/>\n<meta property=\"og:type\" content=\"article\" \/>\n<meta property=\"og:title\" content=\"Contact &#187; Nav\u0161t\u00edv n\u00e1s v KITESHOP.SK\" \/>\n<meta property=\"og:description\" content=\"V\u0161etko \u010do spr\u00e1vny kiter potrebuje: kite, kiteboard, foil, neopr\u00e9n, trap\u00e9z, ta\u0161ky a mnoho \u010fal\u0161ieho pr\u00edslu\u0161entstva. A nielen na kitesurfing!\" \/>\n<meta property=\"og:url\" content=\"https:\/\/kiteshop.sk\/en\/contact\/\" \/>\n<meta property=\"og:site_name\" content=\"KITESHOP.SK\" \/>\n<meta property=\"article:modified_time\" content=\"2021-05-17T11:38:44+00:00\" \/>\n<meta name=\"twitter:card\" content=\"summary_large_image\" \/>\n<meta name=\"twitter:label1\" content=\"Est. reading time\" \/>\n\t<meta name=\"twitter:data1\" content=\"5 minutes\" \/>\n<script type=\"application\/ld+json\" class=\"yoast-schema-graph\">{\"@context\":\"https:\/\/schema.org\",\"@graph\":[{\"@type\":\"WebPage\",\"@id\":\"https:\/\/kiteshop.sk\/en\/contact\/\",\"url\":\"https:\/\/kiteshop.sk\/en\/contact\/\",\"name\":\"Contact &#187; Nav\u0161t\u00edv n\u00e1s v KITESHOP.SK\",\"isPartOf\":{\"@id\":\"https:\/\/kiteshop.sk\/en\/#website\"},\"datePublished\":\"2014-04-23T14:14:38+00:00\",\"dateModified\":\"2021-05-17T11:38:44+00:00\",\"description\":\"V\u0161etko \u010do spr\u00e1vny kiter potrebuje: kite, kiteboard, foil, neopr\u00e9n, trap\u00e9z, ta\u0161ky a mnoho \u010fal\u0161ieho pr\u00edslu\u0161entstva. A nielen na kitesurfing!\",\"breadcrumb\":{\"@id\":\"https:\/\/kiteshop.sk\/en\/contact\/#breadcrumb\"},\"inLanguage\":\"en-US\",\"potentialAction\":[{\"@type\":\"ReadAction\",\"target\":[\"https:\/\/kiteshop.sk\/en\/contact\/\"]}]},{\"@type\":\"BreadcrumbList\",\"@id\":\"https:\/\/kiteshop.sk\/en\/contact\/#breadcrumb\",\"itemListElement\":[{\"@type\":\"ListItem\",\"position\":1,\"name\":\"Home\",\"item\":\"https:\/\/kiteshop.sk\/en\/home\/\"},{\"@type\":\"ListItem\",\"position\":2,\"name\":\"Contact\"}]},{\"@type\":\"WebSite\",\"@id\":\"https:\/\/kiteshop.sk\/en\/#website\",\"url\":\"https:\/\/kiteshop.sk\/en\/\",\"name\":\"KITESHOP.SK\",\"description\":\"All you need to be a real kiter!\",\"publisher\":{\"@id\":\"https:\/\/kiteshop.sk\/en\/#organization\"},\"potentialAction\":[{\"@type\":\"SearchAction\",\"target\":{\"@type\":\"EntryPoint\",\"urlTemplate\":\"https:\/\/kiteshop.sk\/en\/?s={search_term_string}\"},\"query-input\":{\"@type\":\"PropertyValueSpecification\",\"valueRequired\":true,\"valueName\":\"search_term_string\"}}],\"inLanguage\":\"en-US\"},{\"@type\":\"Organization\",\"@id\":\"https:\/\/kiteshop.sk\/en\/#organization\",\"name\":\"KITESHOP.SK\",\"url\":\"https:\/\/kiteshop.sk\/en\/\",\"logo\":{\"@type\":\"ImageObject\",\"inLanguage\":\"en-US\",\"@id\":\"https:\/\/kiteshop.sk\/en\/#\/schema\/logo\/image\/\",\"url\":\"https:\/\/kiteshop.sk\/wp-content\/uploads\/2019\/05\/Kiteshop_logo_h110.png\",\"contentUrl\":\"https:\/\/kiteshop.sk\/wp-content\/uploads\/2019\/05\/Kiteshop_logo_h110.png\",\"width\":342,\"height\":110,\"caption\":\"KITESHOP.SK\"},\"image\":{\"@id\":\"https:\/\/kiteshop.sk\/en\/#\/schema\/logo\/image\/\"}}]}<\/script>\n<!-- \/ Yoast SEO plugin. -->","yoast_head_json":{"title":"Contact &#187; Nav\u0161t\u00edv n\u00e1s v KITESHOP.SK","description":"V\u0161etko \u010do spr\u00e1vny kiter potrebuje: kite, kiteboard, foil, neopr\u00e9n, trap\u00e9z, ta\u0161ky a mnoho \u010fal\u0161ieho pr\u00edslu\u0161entstva. A nielen na kitesurfing!","robots":{"index":"index","follow":"follow","max-snippet":"max-snippet:-1","max-image-preview":"max-image-preview:large","max-video-preview":"max-video-preview:-1"},"canonical":"https:\/\/kiteshop.sk\/en\/contact\/","og_locale":"en_US","og_type":"article","og_title":"Contact &#187; Nav\u0161t\u00edv n\u00e1s v KITESHOP.SK","og_description":"V\u0161etko \u010do spr\u00e1vny kiter potrebuje: kite, kiteboard, foil, neopr\u00e9n, trap\u00e9z, ta\u0161ky a mnoho \u010fal\u0161ieho pr\u00edslu\u0161entstva. A nielen na kitesurfing!","og_url":"https:\/\/kiteshop.sk\/en\/contact\/","og_site_name":"KITESHOP.SK","article_modified_time":"2021-05-17T11:38:44+00:00","twitter_card":"summary_large_image","twitter_misc":{"Est. reading time":"5 minutes"},"schema":{"@context":"https:\/\/schema.org","@graph":[{"@type":"WebPage","@id":"https:\/\/kiteshop.sk\/en\/contact\/","url":"https:\/\/kiteshop.sk\/en\/contact\/","name":"Contact &#187; Nav\u0161t\u00edv n\u00e1s v KITESHOP.SK","isPartOf":{"@id":"https:\/\/kiteshop.sk\/en\/#website"},"datePublished":"2014-04-23T14:14:38+00:00","dateModified":"2021-05-17T11:38:44+00:00","description":"V\u0161etko \u010do spr\u00e1vny kiter potrebuje: kite, kiteboard, foil, neopr\u00e9n, trap\u00e9z, ta\u0161ky a mnoho \u010fal\u0161ieho pr\u00edslu\u0161entstva. A nielen na kitesurfing!","breadcrumb":{"@id":"https:\/\/kiteshop.sk\/en\/contact\/#breadcrumb"},"inLanguage":"en-US","potentialAction":[{"@type":"ReadAction","target":["https:\/\/kiteshop.sk\/en\/contact\/"]}]},{"@type":"BreadcrumbList","@id":"https:\/\/kiteshop.sk\/en\/contact\/#breadcrumb","itemListElement":[{"@type":"ListItem","position":1,"name":"Home","item":"https:\/\/kiteshop.sk\/en\/home\/"},{"@type":"ListItem","position":2,"name":"Contact"}]},{"@type":"WebSite","@id":"https:\/\/kiteshop.sk\/en\/#website","url":"https:\/\/kiteshop.sk\/en\/","name":"KITESHOP.SK","description":"All you need to be a real kiter!","publisher":{"@id":"https:\/\/kiteshop.sk\/en\/#organization"},"potentialAction":[{"@type":"SearchAction","target":{"@type":"EntryPoint","urlTemplate":"https:\/\/kiteshop.sk\/en\/?s={search_term_string}"},"query-input":{"@type":"PropertyValueSpecification","valueRequired":true,"valueName":"search_term_string"}}],"inLanguage":"en-US"},{"@type":"Organization","@id":"https:\/\/kiteshop.sk\/en\/#organization","name":"KITESHOP.SK","url":"https:\/\/kiteshop.sk\/en\/","logo":{"@type":"ImageObject","inLanguage":"en-US","@id":"https:\/\/kiteshop.sk\/en\/#\/schema\/logo\/image\/","url":"https:\/\/kiteshop.sk\/wp-content\/uploads\/2019\/05\/Kiteshop_logo_h110.png","contentUrl":"https:\/\/kiteshop.sk\/wp-content\/uploads\/2019\/05\/Kiteshop_logo_h110.png","width":342,"height":110,"caption":"KITESHOP.SK"},"image":{"@id":"https:\/\/kiteshop.sk\/en\/#\/schema\/logo\/image\/"}}]}},"_links":{"self":[{"href":"https:\/\/kiteshop.sk\/en\/wp-json\/wp\/v2\/pages\/40329","targetHints":{"allow":["GET"]}}],"collection":[{"href":"https:\/\/kiteshop.sk\/en\/wp-json\/wp\/v2\/pages"}],"about":[{"href":"https:\/\/kiteshop.sk\/en\/wp-json\/wp\/v2\/types\/page"}],"author":[{"embeddable":true,"href":"https:\/\/kiteshop.sk\/en\/wp-json\/wp\/v2\/users\/7"}],"replies":[{"embeddable":true,"href":"https:\/\/kiteshop.sk\/en\/wp-json\/wp\/v2\/comments?post=40329"}],"version-history":[{"count":0,"href":"https:\/\/kiteshop.sk\/en\/wp-json\/wp\/v2\/pages\/40329\/revisions"}],"wp:attachment":[{"href":"https:\/\/kiteshop.sk\/en\/wp-json\/wp\/v2\/media?parent=40329"}],"curies":[{"name":"wp","href":"https:\/\/api.w.org\/{rel}","templated":true}]}}