{"id":41342,"date":"2020-03-01T19:02:41","date_gmt":"2020-03-01T18:02:41","guid":{"rendered":"https:\/\/kiteshop.sk\/news\/"},"modified":"2020-04-12T16:32:56","modified_gmt":"2020-04-12T14:32:56","slug":"news","status":"publish","type":"page","link":"https:\/\/kiteshop.sk\/en\/news\/","title":{"rendered":"News"},"content":{"rendered":"<div class=\"wpb-content-wrapper\"><p>[vc_row][vc_column]<style type=\"text\/css\" data-type=\"the7_shortcodes-inline-css\">.blog-shortcode.blog-masonry-shortcode-id-9a8765eb4e1c71bbba8a44fe41f1a0d8.dividers-on.classic-layout-list article {\n  padding-top: 0;\n}\n.blog-shortcode.blog-masonry-shortcode-id-9a8765eb4e1c71bbba8a44fe41f1a0d8.dividers-on.classic-layout-list article:first-of-type {\n  margin-top: 0;\n  padding-top: 0;\n}\n.blog-shortcode.blog-masonry-shortcode-id-9a8765eb4e1c71bbba8a44fe41f1a0d8.classic-layout-list.mode-list .post-entry-content {\n  width: calc(100% - );\n}\n.blog-shortcode.blog-masonry-shortcode-id-9a8765eb4e1c71bbba8a44fe41f1a0d8.classic-layout-list.mode-list .no-img .post-entry-content {\n  width: 100%;\n}\n.blog-shortcode.blog-masonry-shortcode-id-9a8765eb4e1c71bbba8a44fe41f1a0d8 .filter-bg-decoration .filter-categories a.act {\n  color: #fff;\n}\n.blog-shortcode.blog-masonry-shortcode-id-9a8765eb4e1c71bbba8a44fe41f1a0d8:not(.mode-masonry) article:first-of-type,\n.blog-shortcode.blog-masonry-shortcode-id-9a8765eb4e1c71bbba8a44fe41f1a0d8:not(.mode-masonry) article.visible.first:not(.product) {\n  margin-top: 0;\n}\n.blog-shortcode.blog-masonry-shortcode-id-9a8765eb4e1c71bbba8a44fe41f1a0d8.dividers-on:not(.mode-masonry) article {\n  margin-top: 0;\n}\n.blog-shortcode.blog-masonry-shortcode-id-9a8765eb4e1c71bbba8a44fe41f1a0d8.dividers-on:not(.mode-masonry) article:first-of-type,\n.blog-shortcode.blog-masonry-shortcode-id-9a8765eb4e1c71bbba8a44fe41f1a0d8.dividers-on:not(.mode-masonry) article.visible.first:not(.product) {\n  margin-top: 0;\n  padding-top: 0;\n}\n.blog-shortcode.blog-masonry-shortcode-id-9a8765eb4e1c71bbba8a44fe41f1a0d8 .post-thumbnail-wrap {\n  padding: 0px 0px 0px 0px;\n}\n.blog-shortcode.blog-masonry-shortcode-id-9a8765eb4e1c71bbba8a44fe41f1a0d8.enable-bg-rollover .post-thumbnail-rollover:after {\n  background: -webkit-linear-gradient();\n  background: linear-gradient();\n}\n.blog-shortcode.blog-masonry-shortcode-id-9a8765eb4e1c71bbba8a44fe41f1a0d8 .gallery-zoom-ico {\n  width: 44px;\n  height: 44px;\n  line-height: 44px;\n  border-radius: 100px;\n  margin: -22px 0 0 -22px;\n  border-width: 0px;\n  color: #ffffff;\n}\n.bottom-overlap-layout-list.blog-shortcode.blog-masonry-shortcode-id-9a8765eb4e1c71bbba8a44fe41f1a0d8 .gallery-zoom-ico {\n  margin-top: -72px;\n}\n.gradient-overlay-layout-list.blog-shortcode.blog-masonry-shortcode-id-9a8765eb4e1c71bbba8a44fe41f1a0d8 .gallery-zoom-ico,\n.content-rollover-layout-list.blog-shortcode.blog-masonry-shortcode-id-9a8765eb4e1c71bbba8a44fe41f1a0d8 .gallery-zoom-ico {\n  margin: 0 0 10px;\n}\n.content-align-center.gradient-overlay-layout-list.blog-shortcode.blog-masonry-shortcode-id-9a8765eb4e1c71bbba8a44fe41f1a0d8 .gallery-zoom-ico,\n.content-align-center.content-rollover-layout-list.blog-shortcode.blog-masonry-shortcode-id-9a8765eb4e1c71bbba8a44fe41f1a0d8 .gallery-zoom-ico {\n  margin: 0 auto 10px;\n}\n.dt-icon-bg-on.blog-shortcode.blog-masonry-shortcode-id-9a8765eb4e1c71bbba8a44fe41f1a0d8 .gallery-zoom-ico {\n  background: rgba(255,255,255,0.3);\n  box-shadow: none;\n}\n.blog-shortcode.blog-masonry-shortcode-id-9a8765eb4e1c71bbba8a44fe41f1a0d8 .gallery-zoom-ico > span,\n.blog-shortcode.blog-masonry-shortcode-id-9a8765eb4e1c71bbba8a44fe41f1a0d8 .gallery-zoom-ico:before {\n  font-size: 32px;\n  line-height: 44px;\n}\n.blog-shortcode.blog-masonry-shortcode-id-9a8765eb4e1c71bbba8a44fe41f1a0d8 .gallery-zoom-ico > span,\n.blog-shortcode.blog-masonry-shortcode-id-9a8765eb4e1c71bbba8a44fe41f1a0d8 .gallery-zoom-ico:before {\n  color: #ffffff;\n}\n.blog-shortcode.blog-masonry-shortcode-id-9a8765eb4e1c71bbba8a44fe41f1a0d8 .entry-title,\n.blog-shortcode.blog-masonry-shortcode-id-9a8765eb4e1c71bbba8a44fe41f1a0d8.owl-carousel .entry-title {\n  margin-bottom: 5px;\n  font-weight: bold;\n}\n.blog-shortcode.blog-masonry-shortcode-id-9a8765eb4e1c71bbba8a44fe41f1a0d8 .entry-meta {\n  margin-bottom: 15px;\n}\n.blog-shortcode.blog-masonry-shortcode-id-9a8765eb4e1c71bbba8a44fe41f1a0d8 .portfolio-categories {\n  margin-bottom: 15px;\n}\n.blog-shortcode.blog-masonry-shortcode-id-9a8765eb4e1c71bbba8a44fe41f1a0d8 .entry-excerpt {\n  margin-bottom: 5px;\n}\n.blog-shortcode.blog-masonry-shortcode-id-9a8765eb4e1c71bbba8a44fe41f1a0d8:not(.centered-layout-list) .post-entry-content {\n  padding: 25px 30px 30px 30px;\n}\n.blog-shortcode.blog-masonry-shortcode-id-9a8765eb4e1c71bbba8a44fe41f1a0d8:not(.centered-layout-list):not(.content-bg-on):not(.mode-list) .no-img .post-entry-content {\n  padding: 0;\n}\n@media screen and (max-width: ) {\n  .blog-shortcode.blog-masonry-shortcode-id-9a8765eb4e1c71bbba8a44fe41f1a0d8 article {\n    -ms-flex-flow: column nowrap;\n    flex-flow: column nowrap;\n    margin-top: 20px;\n  }\n  .blog-shortcode.blog-masonry-shortcode-id-9a8765eb4e1c71bbba8a44fe41f1a0d8.dividers-on article {\n    border: none;\n  }\n  .blog-shortcode.blog-masonry-shortcode-id-9a8765eb4e1c71bbba8a44fe41f1a0d8.content-bg-on.centered-layout-list article {\n    padding: 0;\n  }\n  .blog-shortcode.blog-masonry-shortcode-id-9a8765eb4e1c71bbba8a44fe41f1a0d8.blog-shortcode.dividers-on article,\n  .blog-shortcode.blog-masonry-shortcode-id-9a8765eb4e1c71bbba8a44fe41f1a0d8.dividers-on.classic-layout-list article {\n    margin-top: 20px;\n    padding: 0;\n  }\n  .blog-shortcode.blog-masonry-shortcode-id-9a8765eb4e1c71bbba8a44fe41f1a0d8.blog-shortcode.dividers-on article:first-of-type,\n  .blog-shortcode.blog-masonry-shortcode-id-9a8765eb4e1c71bbba8a44fe41f1a0d8.dividers-on.classic-layout-list article:first-of-type {\n    padding: 0;\n  }\n  #page .blog-shortcode.blog-masonry-shortcode-id-9a8765eb4e1c71bbba8a44fe41f1a0d8 .post-thumbnail-wrap,\n  #page .blog-shortcode.blog-masonry-shortcode-id-9a8765eb4e1c71bbba8a44fe41f1a0d8 .post-entry-content {\n    width: 100%;\n    margin: 0;\n    top: 0;\n  }\n  #page .blog-shortcode.blog-masonry-shortcode-id-9a8765eb4e1c71bbba8a44fe41f1a0d8 .post-thumbnail-wrap {\n    padding: 0;\n  }\n  #page .blog-shortcode.blog-masonry-shortcode-id-9a8765eb4e1c71bbba8a44fe41f1a0d8 .post-entry-content:after {\n    display: none;\n  }\n  #page .blog-shortcode.blog-masonry-shortcode-id-9a8765eb4e1c71bbba8a44fe41f1a0d8 .project-even .post-thumbnail-wrap,\n  #page .blog-shortcode.blog-masonry-shortcode-id-9a8765eb4e1c71bbba8a44fe41f1a0d8.centered-layout-list .post-thumbnail-wrap {\n    -ms-flex-order: 0;\n    order: 0;\n  }\n  #page .blog-shortcode.blog-masonry-shortcode-id-9a8765eb4e1c71bbba8a44fe41f1a0d8.centered-layout-list .post-entry-title-content {\n    -ms-flex-order: 1;\n    order: 1;\n    width: 100%;\n    padding: 20px 20px 0;\n  }\n  #page .blog-shortcode.blog-masonry-shortcode-id-9a8765eb4e1c71bbba8a44fe41f1a0d8.centered-layout-list .post-entry-content {\n    -ms-flex-order: 2;\n    order: 2;\n    padding-top: 0;\n  }\n  #page .blog-shortcode.blog-masonry-shortcode-id-9a8765eb4e1c71bbba8a44fe41f1a0d8 .fancy-categories {\n    top: 10px;\n    left: 10px;\n    bottom: auto;\n    right: auto;\n  }\n  #page .blog-shortcode.blog-masonry-shortcode-id-9a8765eb4e1c71bbba8a44fe41f1a0d8 .fancy-date a {\n    top: 10px;\n    right: 10px;\n    left: auto;\n    bottom: auto;\n  }\n  #page .blog-shortcode.blog-masonry-shortcode-id-9a8765eb4e1c71bbba8a44fe41f1a0d8 .post-entry-content {\n    padding: 20px;\n  }\n  #page .blog-shortcode.blog-masonry-shortcode-id-9a8765eb4e1c71bbba8a44fe41f1a0d8 .entry-title {\n    margin: 3px 0 5px;\n    font-size: 20px;\n    line-height: 26px;\n  }\n  #page .blog-shortcode.blog-masonry-shortcode-id-9a8765eb4e1c71bbba8a44fe41f1a0d8 .entry-meta {\n    margin: 5px 0 5px;\n  }\n  #page .blog-shortcode.blog-masonry-shortcode-id-9a8765eb4e1c71bbba8a44fe41f1a0d8 .entry-excerpt {\n    margin: 15px 0 0;\n  }\n  #page .blog-shortcode.blog-masonry-shortcode-id-9a8765eb4e1c71bbba8a44fe41f1a0d8 .post-details {\n    margin: 5px 0 10px;\n  }\n  #page .blog-shortcode.blog-masonry-shortcode-id-9a8765eb4e1c71bbba8a44fe41f1a0d8 .post-details.details-type-link {\n    margin-bottom: 2px;\n  }\n}<\/style><div class=\"blog-shortcode blog-masonry-shortcode-id-9a8765eb4e1c71bbba8a44fe41f1a0d8 mode-masonry classic-layout-list content-bg-on circle-fancy-style scale-img meta-info-off dt-icon-bg-off resize-by-browser-width loading-effect-fade-in description-under-image \" data-padding=\"15px\" data-cur-page=\"1\" data-post-limit=\"-1\" data-pagination-mode=\"pages\" data-desktop-columns-num=\"3\" data-v-tablet-columns-num=\"2\" data-h-tablet-columns-num=\"3\" data-phone-columns-num=\"1\" data-width=\"0px\" data-columns=\"0\"><div class=\"iso-filter without-isotope extras-off filter\"><div class=\"filter-categories\" data-default-order=\"desc\" data-default-orderby=\"date\"><a href=\"https:\/\/kiteshop.sk\/en\/news\/\" class=\"show-all act\" data-filter=\"*\" aria-label=\"Apply filter: View all\">View all<\/a><a href=\"https:\/\/kiteshop.sk\/en\/news\/?term=494\" class=\"equipment\" data-filter=\".category-494\" aria-label=\"Apply filter: Equipment\">Equipment<\/a><a href=\"https:\/\/kiteshop.sk\/en\/news\/?term=493\" class=\"tests-en\" data-filter=\".category-493\" aria-label=\"Apply filter: Tests\">Tests<\/a><a href=\"https:\/\/kiteshop.sk\/en\/news\/?term=976\" class=\"tips\" data-filter=\".category-976\" aria-label=\"Apply filter: Tips\">Tips<\/a><a href=\"https:\/\/kiteshop.sk\/en\/news\/?term=553\" class=\"video-en\" data-filter=\".category-553\" aria-label=\"Apply filter: Video\">Video<\/a><\/div><\/div><div class=\"iso-container\" ><div class=\"visible wf-cell double-width iso-item category-976\" data-post-id=\"47071\" data-date=\"2025-11-30T15:44:05+01:00\" data-name=\"How to prepare for a kite course\"><article class=\"post project-odd visible post-47071 type-post status-publish format-standard has-post-thumbnail hentry category-tips category-976 media-wide\" data-name=\"How to prepare for a kite course\" data-date=\"2025-11-30T15:44:05+01:00\">\n\n<div class=\"post-thumbnail-wrap\">\n\t<div class=\"post-thumbnail\">\n\t\t\n\t\t<span class=\"fancy-categories\"><a href=\"https:\/\/kiteshop.sk\/en\/category\/tips\/\" rel=\"category tag\">Tips<\/a><\/span>\n\t\t<a href=\"https:\/\/kiteshop.sk\/en\/how-to-prepare-for-a-kite-course\/\" class=\"post-thumbnail-rollover\" ><img decoding=\"async\" class=\"preload-me aspect\" src=\"https:\/\/kiteshop.sk\/wp-content\/uploads\/2025\/11\/kitekurz_bibiana-scaled-770x513.jpg\" srcset=\"https:\/\/kiteshop.sk\/wp-content\/uploads\/2025\/11\/kitekurz_bibiana-scaled-770x513.jpg 770w, https:\/\/kiteshop.sk\/wp-content\/uploads\/2025\/11\/kitekurz_bibiana-scaled-1155x770.jpg 1155w\" style=\"--ratio: 770 \/ 513\" sizes=\"(max-width: 770px) 100vw, 770px\" alt=\"kite coaching bratislava\" title=\"kitecoach_bibiana\" width=\"770\" height=\"513\"  \/><\/a>\t<\/div>\n<\/div>\n\n\n<div class=\"post-entry-content\">\n\n\t<h3 class=\"entry-title\">\n\t\t<a href=\"https:\/\/kiteshop.sk\/en\/how-to-prepare-for-a-kite-course\/\" title=\"How to prepare for a kite course\" rel=\"bookmark\">How to prepare for a kite course<\/a>\n\t<\/h3>\n\n\t\n\t<div class=\"entry-excerpt\"><p>[vc_row][vc_column][vc_column_text css=&#8221;&#8221;] If you plan to start kitesurfing, find a reliable kite school or instructor and take a beginner course. You will learn everything you need without any prior knowledge. Still, there are ways to prepare in advance and speed up your progress. Kitesurfing has two skills: controlling the kite and controlling the board. You&hellip;<\/p>\n<\/div>\n\t\n<a href=\"https:\/\/kiteshop.sk\/en\/how-to-prepare-for-a-kite-course\/\" class=\"post-details details-type-link\" aria-label=\"Read more about How to prepare for a kite course\">\u010c\u00edtaj \u010falej<i class=\"dt-icon-the7-arrow-03\" aria-hidden=\"true\"><\/i><\/a>\n\n<\/div><\/article><\/div><div class=\"visible wf-cell iso-item category-494 category-493\" data-post-id=\"46824\" data-date=\"2019-04-10T21:16:56+02:00\" data-name=\"Clash of giants - Duotone Juice 15m vs Rebel 15m\"><article class=\"post project-odd visible post-46824 type-post status-publish format-standard has-post-thumbnail hentry category-equipment category-tests-en category-494 category-493\" data-name=\"Clash of giants &#8211; Duotone Juice 15m vs Rebel 15m\" data-date=\"2019-04-10T21:16:56+02:00\">\n\n<div class=\"post-thumbnail-wrap\">\n\t<div class=\"post-thumbnail\">\n\t\t\n\t\t<span class=\"fancy-categories\"><a href=\"https:\/\/kiteshop.sk\/en\/category\/equipment\/\" rel=\"category tag\">Equipment<\/a><a href=\"https:\/\/kiteshop.sk\/en\/category\/tests-en\/\" rel=\"category tag\">Tests<\/a><\/span>\n\t\t<a href=\"https:\/\/kiteshop.sk\/en\/clash-of-giants-duotone-juice-15m-vs-rebel-15m\/\" class=\"post-thumbnail-rollover\" ><img decoding=\"async\" class=\"preload-me aspect\" src=\"https:\/\/kiteshop.sk\/wp-content\/uploads\/2019\/04\/Duoton-Rebel-Juice-e1555586906131-768x512.jpg\" srcset=\"https:\/\/kiteshop.sk\/wp-content\/uploads\/2019\/04\/Duoton-Rebel-Juice-e1555586906131-768x512.jpg 768w, https:\/\/kiteshop.sk\/wp-content\/uploads\/2019\/04\/Duoton-Rebel-Juice-e1555586906131-864x576.jpg 864w\" style=\"--ratio: 768 \/ 512\" sizes=\"(max-width: 768px) 100vw, 768px\" alt=\"Duotone Rebel 15m a Duotone Juice 15m, ktor\u00fd do slab\u00e9ho vetra?\" title=\"Duoton Rebel Juice\" width=\"768\" height=\"512\"  \/><\/a>\t<\/div>\n<\/div>\n\n\n<div class=\"post-entry-content\">\n\n\t<h3 class=\"entry-title\">\n\t\t<a href=\"https:\/\/kiteshop.sk\/en\/clash-of-giants-duotone-juice-15m-vs-rebel-15m\/\" title=\"Clash of giants &#8211; Duotone Juice 15m vs Rebel 15m\" rel=\"bookmark\">Clash of giants &#8211; Duotone Juice 15m vs Rebel 15m<\/a>\n\t<\/h3>\n\n\t\n\t<div class=\"entry-excerpt\"><p>Duotone came up with an interesting concept with the current Juice. All sizes, i.e. 11, 13, 15 and 17m are usable in the same wind range. It just depends on the weight of the kiter and the board he chooses (twintip, foilboard&#8230;) which size he opts for. So I was curious about the new Juice&hellip;<\/p>\n<\/div>\n\t\n<a href=\"https:\/\/kiteshop.sk\/en\/clash-of-giants-duotone-juice-15m-vs-rebel-15m\/\" class=\"post-details details-type-link\" aria-label=\"Read more about Clash of giants &#8211; Duotone Juice 15m vs Rebel 15m\">\u010c\u00edtaj \u010falej<i class=\"dt-icon-the7-arrow-03\" aria-hidden=\"true\"><\/i><\/a>\n\n<\/div><\/article><\/div><div class=\"visible wf-cell iso-item category-553\" data-post-id=\"41367\" data-date=\"2019-03-11T08:50:35+01:00\" data-name=\"DUOTONE - The Sum of 5\"><article class=\"post project-odd visible post-41367 type-post status-publish format-standard has-post-thumbnail hentry category-video-en category-553\" data-name=\"DUOTONE &#8211; The Sum of 5\" data-date=\"2019-03-11T08:50:35+01:00\">\n\n<div class=\"post-thumbnail-wrap\">\n\t<div class=\"post-thumbnail\">\n\t\t\n\t\t<span class=\"fancy-categories\"><a href=\"https:\/\/kiteshop.sk\/en\/category\/video-en\/\" rel=\"category tag\">Video<\/a><\/span>\n\t\t<a href=\"https:\/\/kiteshop.sk\/en\/duotone-the-sum-of-5\/\" class=\"post-thumbnail-rollover\" ><img decoding=\"async\" class=\"preload-me aspect\" src=\"https:\/\/kiteshop.sk\/wp-content\/uploads\/2019\/03\/Sum_of_5_1200x800_01-scaled-768x512.jpg\" srcset=\"https:\/\/kiteshop.sk\/wp-content\/uploads\/2019\/03\/Sum_of_5_1200x800_01-scaled-768x512.jpg 768w, https:\/\/kiteshop.sk\/wp-content\/uploads\/2019\/03\/Sum_of_5_1200x800_01-scaled-1152x768.jpg 1152w\" style=\"--ratio: 768 \/ 512\" sizes=\"(max-width: 768px) 100vw, 768px\" alt=\"\" title=\"Sum_of_5_1200x800_01\" width=\"768\" height=\"512\"  \/><\/a>\t<\/div>\n<\/div>\n\n\n<div class=\"post-entry-content\">\n\n\t<h3 class=\"entry-title\">\n\t\t<a href=\"https:\/\/kiteshop.sk\/en\/duotone-the-sum-of-5\/\" title=\"DUOTONE &#8211; The Sum of 5\" rel=\"bookmark\">DUOTONE &#8211; The Sum of 5<\/a>\n\t<\/h3>\n\n\t\n\t<div class=\"entry-excerpt\"><p>[vc_row][vc_column][vc_column_text]Hannah Whiteley, Mikaili Sol, Francesca Bagnoli, Paula Novotn\u00e1 a Colleen Carroll &#8211; the best female freestylers in the new Duotone video![\/vc_column_text][vc_video link=&#8221;https:\/\/youtu.be\/VaE_yX-rufA&#8221; align=&#8221;center&#8221;][\/vc_column][\/vc_row]<\/p>\n<\/div>\n\t\n<a href=\"https:\/\/kiteshop.sk\/en\/duotone-the-sum-of-5\/\" class=\"post-details details-type-link\" aria-label=\"Read more about DUOTONE &#8211; The Sum of 5\">\u010c\u00edtaj \u010falej<i class=\"dt-icon-the7-arrow-03\" aria-hidden=\"true\"><\/i><\/a>\n\n<\/div><\/article><\/div><div class=\"visible wf-cell iso-item category-494\" data-post-id=\"46826\" data-date=\"2019-02-19T08:28:40+01:00\" data-name=\"WOODBOARD \u2013 Engineered by kiters for kiters\"><article class=\"post project-odd visible post-46826 type-post status-publish format-standard has-post-thumbnail hentry category-equipment category-494\" data-name=\"WOODBOARD \u2013 Engineered by kiters for kiters\" data-date=\"2019-02-19T08:28:40+01:00\">\n\n<div class=\"post-thumbnail-wrap\">\n\t<div class=\"post-thumbnail\">\n\t\t\n\t\t<span class=\"fancy-categories\"><a href=\"https:\/\/kiteshop.sk\/en\/category\/equipment\/\" rel=\"category tag\">Equipment<\/a><\/span>\n\t\t<a href=\"https:\/\/kiteshop.sk\/en\/woodboard-engineered-by-kiters-for-kiters\/\" class=\"post-thumbnail-rollover\" ><img decoding=\"async\" class=\"preload-me aspect\" src=\"https:\/\/kiteshop.sk\/wp-content\/uploads\/2019\/03\/woodboard-768x512.jpg\" srcset=\"https:\/\/kiteshop.sk\/wp-content\/uploads\/2019\/03\/woodboard-768x512.jpg 768w, https:\/\/kiteshop.sk\/wp-content\/uploads\/2019\/03\/woodboard-1152x768.jpg 1152w\" style=\"--ratio: 768 \/ 512\" sizes=\"(max-width: 768px) 100vw, 768px\" alt=\"Woodboard banner, Breitenbrunn beach, sunset\" title=\"woodboard\" width=\"768\" height=\"512\"  \/><\/a>\t<\/div>\n<\/div>\n\n\n<div class=\"post-entry-content\">\n\n\t<h3 class=\"entry-title\">\n\t\t<a href=\"https:\/\/kiteshop.sk\/en\/woodboard-engineered-by-kiters-for-kiters\/\" title=\"WOODBOARD \u2013 Engineered by kiters for kiters\" rel=\"bookmark\">WOODBOARD \u2013 Engineered by kiters for kiters<\/a>\n\t<\/h3>\n\n\t\n\t<div class=\"entry-excerpt\"><p>[vc_row][vc_column][vc_column_text css=&#8221;.vc_custom_1582402135725{padding-bottom: 20px !important;}&#8221;] Ako najzauj\u00edmavej\u0161iu novinku v na\u0161om sortimente a testpoole\u00a0pre Teba m\u00e1me kiteboardy zna\u010dky\u00a0WOODBOARD\u00a0s vynimo\u010dn\u00fdmi vlastnos\u0165ami! Navrhnut\u00e9 shaperom poch\u00e1dzaj\u00facim zo snowboardov\u00e9ho priemyslu sp\u013a\u0148a ka\u017ed\u00fd jeden model svoju jedine\u010dn\u00fa \u00falohu:&#13; \u00a0 &#13; [\/vc_column_text][vc_row_inner content_placement=&#8221;middle&#8221;][vc_column_inner width=&#8221;1\/2&#8243;][vc_column_text] &#13; Basalt &#8211; Big Air board with an unbeatable grip for megaskokes for those who like to ride in&hellip;<\/p>\n<\/div>\n\t\n<a href=\"https:\/\/kiteshop.sk\/en\/woodboard-engineered-by-kiters-for-kiters\/\" class=\"post-details details-type-link\" aria-label=\"Read more about WOODBOARD \u2013 Engineered by kiters for kiters\">\u010c\u00edtaj \u010falej<i class=\"dt-icon-the7-arrow-03\" aria-hidden=\"true\"><\/i><\/a>\n\n<\/div><\/article><\/div><\/div><!-- iso-container|iso-grid --><\/div>[\/vc_column][\/vc_row]<\/p>\n<\/div>","protected":false},"excerpt":{"rendered":"<p>[vc_row][vc_column][\/vc_column][\/vc_row]<\/p>\n","protected":false},"author":7,"featured_media":0,"parent":0,"menu_order":0,"comment_status":"closed","ping_status":"closed","template":"","meta":{"footnotes":""},"class_list":["post-41342","page","type-page","status-publish","hentry","description-off"],"yoast_head":"<!-- This site is optimized with the Yoast SEO plugin v26.7 - https:\/\/yoast.com\/wordpress\/plugins\/seo\/ -->\n<title>News from the kitesurfing world &#187; Equipment - Events &#187; KITESHOP.SK<\/title>\n<meta name=\"description\" content=\"All you need for kitesurfing - You&#039;ll find everything in our shop: kite, kiteboard, foil, wing, wetsuit, harness, bags and other usefull stuff!\" \/>\n<meta name=\"robots\" content=\"index, follow, max-snippet:-1, max-image-preview:large, max-video-preview:-1\" \/>\n<link rel=\"canonical\" href=\"https:\/\/kiteshop.sk\/en\/news\/\" \/>\n<meta property=\"og:locale\" content=\"en_US\" \/>\n<meta property=\"og:type\" content=\"article\" \/>\n<meta property=\"og:title\" content=\"News from the kitesurfing world &#187; Equipment - Events &#187; KITESHOP.SK\" \/>\n<meta property=\"og:description\" content=\"All you need for kitesurfing - You&#039;ll find everything in our shop: kite, kiteboard, foil, wing, wetsuit, harness, bags and other usefull stuff!\" \/>\n<meta property=\"og:url\" content=\"https:\/\/kiteshop.sk\/en\/news\/\" \/>\n<meta property=\"og:site_name\" content=\"KITESHOP.SK\" \/>\n<meta property=\"article:modified_time\" content=\"2020-04-12T14:32:56+00:00\" \/>\n<meta name=\"twitter:card\" content=\"summary_large_image\" \/>\n<script type=\"application\/ld+json\" class=\"yoast-schema-graph\">{\"@context\":\"https:\/\/schema.org\",\"@graph\":[{\"@type\":\"WebPage\",\"@id\":\"https:\/\/kiteshop.sk\/en\/news\/\",\"url\":\"https:\/\/kiteshop.sk\/en\/news\/\",\"name\":\"News from the kitesurfing world &#187; Equipment - Events &#187; KITESHOP.SK\",\"isPartOf\":{\"@id\":\"https:\/\/kiteshop.sk\/en\/#website\"},\"datePublished\":\"2020-03-01T18:02:41+00:00\",\"dateModified\":\"2020-04-12T14:32:56+00:00\",\"description\":\"All you need for kitesurfing - You'll find everything in our shop: kite, kiteboard, foil, wing, wetsuit, harness, bags and other usefull stuff!\",\"breadcrumb\":{\"@id\":\"https:\/\/kiteshop.sk\/en\/news\/#breadcrumb\"},\"inLanguage\":\"en-US\",\"potentialAction\":[{\"@type\":\"ReadAction\",\"target\":[\"https:\/\/kiteshop.sk\/en\/news\/\"]}]},{\"@type\":\"BreadcrumbList\",\"@id\":\"https:\/\/kiteshop.sk\/en\/news\/#breadcrumb\",\"itemListElement\":[{\"@type\":\"ListItem\",\"position\":1,\"name\":\"Home\",\"item\":\"https:\/\/kiteshop.sk\/en\/home\/\"},{\"@type\":\"ListItem\",\"position\":2,\"name\":\"News\"}]},{\"@type\":\"WebSite\",\"@id\":\"https:\/\/kiteshop.sk\/en\/#website\",\"url\":\"https:\/\/kiteshop.sk\/en\/\",\"name\":\"KITESHOP.SK\",\"description\":\"All you need to be a real kiter!\",\"publisher\":{\"@id\":\"https:\/\/kiteshop.sk\/en\/#organization\"},\"potentialAction\":[{\"@type\":\"SearchAction\",\"target\":{\"@type\":\"EntryPoint\",\"urlTemplate\":\"https:\/\/kiteshop.sk\/en\/?s={search_term_string}\"},\"query-input\":{\"@type\":\"PropertyValueSpecification\",\"valueRequired\":true,\"valueName\":\"search_term_string\"}}],\"inLanguage\":\"en-US\"},{\"@type\":\"Organization\",\"@id\":\"https:\/\/kiteshop.sk\/en\/#organization\",\"name\":\"KITESHOP.SK\",\"url\":\"https:\/\/kiteshop.sk\/en\/\",\"logo\":{\"@type\":\"ImageObject\",\"inLanguage\":\"en-US\",\"@id\":\"https:\/\/kiteshop.sk\/en\/#\/schema\/logo\/image\/\",\"url\":\"https:\/\/kiteshop.sk\/wp-content\/uploads\/2019\/05\/Kiteshop_logo_h110.png\",\"contentUrl\":\"https:\/\/kiteshop.sk\/wp-content\/uploads\/2019\/05\/Kiteshop_logo_h110.png\",\"width\":342,\"height\":110,\"caption\":\"KITESHOP.SK\"},\"image\":{\"@id\":\"https:\/\/kiteshop.sk\/en\/#\/schema\/logo\/image\/\"}}]}<\/script>\n<!-- \/ Yoast SEO plugin. -->","yoast_head_json":{"title":"News from the kitesurfing world &#187; Equipment - Events &#187; KITESHOP.SK","description":"All you need for kitesurfing - You'll find everything in our shop: kite, kiteboard, foil, wing, wetsuit, harness, bags and other usefull stuff!","robots":{"index":"index","follow":"follow","max-snippet":"max-snippet:-1","max-image-preview":"max-image-preview:large","max-video-preview":"max-video-preview:-1"},"canonical":"https:\/\/kiteshop.sk\/en\/news\/","og_locale":"en_US","og_type":"article","og_title":"News from the kitesurfing world &#187; Equipment - Events &#187; KITESHOP.SK","og_description":"All you need for kitesurfing - You'll find everything in our shop: kite, kiteboard, foil, wing, wetsuit, harness, bags and other usefull stuff!","og_url":"https:\/\/kiteshop.sk\/en\/news\/","og_site_name":"KITESHOP.SK","article_modified_time":"2020-04-12T14:32:56+00:00","twitter_card":"summary_large_image","schema":{"@context":"https:\/\/schema.org","@graph":[{"@type":"WebPage","@id":"https:\/\/kiteshop.sk\/en\/news\/","url":"https:\/\/kiteshop.sk\/en\/news\/","name":"News from the kitesurfing world &#187; Equipment - Events &#187; KITESHOP.SK","isPartOf":{"@id":"https:\/\/kiteshop.sk\/en\/#website"},"datePublished":"2020-03-01T18:02:41+00:00","dateModified":"2020-04-12T14:32:56+00:00","description":"All you need for kitesurfing - You'll find everything in our shop: kite, kiteboard, foil, wing, wetsuit, harness, bags and other usefull stuff!","breadcrumb":{"@id":"https:\/\/kiteshop.sk\/en\/news\/#breadcrumb"},"inLanguage":"en-US","potentialAction":[{"@type":"ReadAction","target":["https:\/\/kiteshop.sk\/en\/news\/"]}]},{"@type":"BreadcrumbList","@id":"https:\/\/kiteshop.sk\/en\/news\/#breadcrumb","itemListElement":[{"@type":"ListItem","position":1,"name":"Home","item":"https:\/\/kiteshop.sk\/en\/home\/"},{"@type":"ListItem","position":2,"name":"News"}]},{"@type":"WebSite","@id":"https:\/\/kiteshop.sk\/en\/#website","url":"https:\/\/kiteshop.sk\/en\/","name":"KITESHOP.SK","description":"All you need to be a real kiter!","publisher":{"@id":"https:\/\/kiteshop.sk\/en\/#organization"},"potentialAction":[{"@type":"SearchAction","target":{"@type":"EntryPoint","urlTemplate":"https:\/\/kiteshop.sk\/en\/?s={search_term_string}"},"query-input":{"@type":"PropertyValueSpecification","valueRequired":true,"valueName":"search_term_string"}}],"inLanguage":"en-US"},{"@type":"Organization","@id":"https:\/\/kiteshop.sk\/en\/#organization","name":"KITESHOP.SK","url":"https:\/\/kiteshop.sk\/en\/","logo":{"@type":"ImageObject","inLanguage":"en-US","@id":"https:\/\/kiteshop.sk\/en\/#\/schema\/logo\/image\/","url":"https:\/\/kiteshop.sk\/wp-content\/uploads\/2019\/05\/Kiteshop_logo_h110.png","contentUrl":"https:\/\/kiteshop.sk\/wp-content\/uploads\/2019\/05\/Kiteshop_logo_h110.png","width":342,"height":110,"caption":"KITESHOP.SK"},"image":{"@id":"https:\/\/kiteshop.sk\/en\/#\/schema\/logo\/image\/"}}]}},"_links":{"self":[{"href":"https:\/\/kiteshop.sk\/en\/wp-json\/wp\/v2\/pages\/41342","targetHints":{"allow":["GET"]}}],"collection":[{"href":"https:\/\/kiteshop.sk\/en\/wp-json\/wp\/v2\/pages"}],"about":[{"href":"https:\/\/kiteshop.sk\/en\/wp-json\/wp\/v2\/types\/page"}],"author":[{"embeddable":true,"href":"https:\/\/kiteshop.sk\/en\/wp-json\/wp\/v2\/users\/7"}],"replies":[{"embeddable":true,"href":"https:\/\/kiteshop.sk\/en\/wp-json\/wp\/v2\/comments?post=41342"}],"version-history":[{"count":0,"href":"https:\/\/kiteshop.sk\/en\/wp-json\/wp\/v2\/pages\/41342\/revisions"}],"wp:attachment":[{"href":"https:\/\/kiteshop.sk\/en\/wp-json\/wp\/v2\/media?parent=41342"}],"curies":[{"name":"wp","href":"https:\/\/api.w.org\/{rel}","templated":true}]}}