{"id":42009,"date":"2019-03-02T11:25:28","date_gmt":"2019-03-02T10:25:28","guid":{"rendered":"https:\/\/kiteshop.sk\/zasady-ochrany-osobnych-udajov\/"},"modified":"2020-04-12T17:02:06","modified_gmt":"2020-04-12T15:02:06","slug":"zasady-ochrany-osobnych-udajov","status":"publish","type":"page","link":"https:\/\/kiteshop.sk\/en\/zasady-ochrany-osobnych-udajov\/","title":{"rendered":"Z\u00e1sady ochrany osobn\u00fdch \u00fadajov"},"content":{"rendered":"\n<p><strong>PREV\u00c1DZKOVATE\u013d<\/strong><\/p>\n\n<p>Spolo\u010dnos\u0165\u00a0Whitecap s. r. o.,\u00a0Parkov\u00e1 489\/22,\u00a095617 Sol\u010dany,\u00a0I\u010cO\u00a051649080\u00a0je prev\u00e1dzkovate\u013eom v\u0161etk\u00fdch osobn\u00fdch \u00fadajov, ktor\u00e9 bude sprac\u00fava\u0165 v\u00a0s\u00falade s\u00a0pr\u00edslu\u0161n\u00fdmi pr\u00e1vnymi predpismi.<\/p>\n\n<p>Prev\u00e1dzkovate\u013e postupuje pri spracovan\u00ed osobn\u00fdch \u00fadajov v\u00a0s\u00falade s\u00a0pr\u00edslu\u0161n\u00fdmi pr\u00e1vnymi predpismi Slovenskej republiky a\u00a0s\u00a0legislat\u00edvou Eur\u00f3pskej \u00fanie a\u00a0v\u00a0maxim\u00e1lnej miere db\u00e1 na s\u00fakromie dotknut\u00fdch os\u00f4b a\u00a0na ochranu ich osobn\u00fdch \u00fadajov, ktor\u00e9 jej boli poskytnut\u00e9 a\u00a0ktor\u00e9 sprac\u00fava.<\/p>\n\n<p><strong>D\u00d4VODY SPRACOVANIA OSOBN\u00ddCH \u00daDAJOV<\/strong><\/p>\n\n<p>Sprac\u00favanie z\u00edskan\u00fdch a\u00a0poskytnut\u00fdch osobn\u00fdch \u00fadajov je s\u00fa\u010das\u0165ou na\u0161ej \u010dinnosti. Bez poskytnutia osobn\u00fdch \u00fadajov a bez ich sprac\u00favania by sme na\u0161im klientom a ostatn\u00fdm dotknut\u00fdm osob\u00e1m nemohli poskytn\u00fa\u0165 na\u0161e slu\u017eby v\u00a0po\u017eadovanom rozsahu.<\/p>\n\n<p><strong>Z\u00c1KLAD PRE SPRACOVANIE OSOBN\u00ddCH \u00daDAJOV<\/strong><\/p>\n\n<p>S\u00fa\u010dasn\u00e1 pr\u00e1vna \u00faprava umo\u017e\u0148uje spracov\u00e1va\u0165 osobn\u00e9 \u00fadaje na z\u00e1klade z\u00e1kona (teda aj bez s\u00fahlasu dotknutej osoby) alebo na z\u00e1klade s\u00fahlasu dotknutej osoby.<\/p>\n\n<p>Sprac\u00favanie osobn\u00fdch \u00fadajov na z\u00e1klade z\u00e1kona znamen\u00e1, \u017ee aj bez V\u00e1\u0161ho s\u00fahlasu m\u00f4\u017eeme sprac\u00fava\u0165 Va\u0161e osobn\u00e9 \u00fadaje pre \u00fa\u010dely v\u00fdkonu na\u0161ej \u010dinnosti. Z\u00e1kladom pre tak\u00e9to sprac\u00favanie Va\u0161ich osobn\u00fdch \u00fadajov s\u00fa pr\u00edslu\u0161n\u00e9 pr\u00e1vne predpisy vz\u0165ahuj\u00face sa na na\u0161u \u010dinnos\u0165 (slu\u017ebu).<\/p>\n\n<p>Ak neexistuje z\u00e1konn\u00fd d\u00f4vod na sprac\u00favanie osobn\u00fdch \u00fadajov bez V\u00e1\u0161ho s\u00fahlasu, sprac\u00favame Va\u0161e osobn\u00e9 \u00fadaje len na z\u00e1klade Vami udelen\u00e9ho s\u00fahlasu.<\/p>\n\n<p><strong>ZVEREJ\u0147OVANIE \u00daDAJOV TRET\u00cdM STRAN\u00c1M<\/strong><\/p>\n\n<p>Nami sprac\u00favan\u00e9 Va\u0161e osobn\u00e9 \u00fadaje m\u00f4\u017eu by\u0165 sprac\u00favan\u00e9 aj tret\u00edmi osobami, za predpokladu, \u017ee je to nevyhnutn\u00e9 na plnenie n\u00e1\u0161ho z\u00e1v\u00e4zku vo\u010di V\u00e1m, na\u0161im klientom alebo na poskytovanie na\u0161ich slu\u017eieb. Pri v\u00fdbere t\u00fdchto partnerov v\u017edy db\u00e1me na to, aby bol zaru\u010den\u00fd vysok\u00fd \u0161tandard ochrany Va\u0161ich osobn\u00fdch \u00fadajov.<\/p>\n\n<p>Osobn\u00e9 \u00fadaje dotknutej osoby m\u00f4\u017eu by\u0165 sprac\u00favan\u00e9 v krajin\u00e1ch Eur\u00f3pskej \u00fanie a krajin\u00e1ch, ktor\u00e9 s\u00fa zmluvnou stranou Dohody o Eur\u00f3pskom hospod\u00e1rskom priestore. Prenos osobn\u00fdch \u00fadajov m\u00f4\u017ee nasta\u0165 len do tret\u00edch kraj\u00edn, ktor\u00fdch pr\u00e1vny re\u017eim pova\u017euje Eur\u00f3pska komisia za zabezpe\u010duj\u00faci adekv\u00e1tnu \u00farove\u0148 ochrany osobn\u00fdch \u00fadajov.<\/p>\n\n<p><strong>NAKLADANIE S\u00a0OSOBN\u00ddMI \u00daDAJMI<\/strong><\/p>\n\n<p>Prev\u00e1dzkovate\u013e spracov\u00e1va Va\u0161e osobn\u00e9 \u00fadaje bu\u010f manu\u00e1lne alebo za vyu\u017eitia elektronick\u00fdch syst\u00e9mov. Prev\u00e1dzkovate\u013e prijal v\u0161etky potrebn\u00e9 a\u00a0nevyhnutn\u00e9 opatrenia nielen technick\u00e9ho alebo aj person\u00e1lneho a\u00a0kontroln\u00e9ho charakteru, aby \u00farove\u0148 ochrany Va\u0161ich osobn\u00fdch \u00fadajov bola \u010do najvy\u0161\u0161ia.<\/p>\n\n<p><strong>PR\u00c1VA DOTKNUTEJ OSOBY<\/strong><\/p>\n\n<p>Dotknut\u00e1 osoba m\u00e1 pr\u00e1vo:<\/p>\n\n<ol class=\"wp-block-list\">\n<li>po\u017eadova\u0165 od prev\u00e1dzkovate\u013ea pr\u00edstup k\u00a0osobn\u00fdm \u00fadajom t\u00fdkaj\u00facim sa dotknutej osoby,<\/li>\n<li>na opravu alebo vymazanie, alebo obmedzenie sprac\u00favania osobn\u00fdch \u00fadajov,<\/li>\n<li>namieta\u0165 proti sprac\u00favaniu osobn\u00fdch \u00fadajov,<\/li>\n<li>na prenosnos\u0165 osobn\u00fdch \u00fadajov,<\/li>\n<li>poda\u0165 s\u0165a\u017enos\u0165 alebo n\u00e1vrh na za\u010datie konania dozorn\u00e9mu org\u00e1nu, ktor\u00fdm je \u00darad na ochranu osobn\u00fdch \u00fadajov,<\/li>\n<li>svoj s\u00fahlas so spracovan\u00edm osobn\u00fdch \u00fadajov kedyko\u013evek odvola\u0165.<\/li>\n<\/ol>\n<p>Ak\u00e9ko\u013evek ot\u00e1zky s\u00favisiace s\u00a0ochranou Va\u0161ich osobn\u00fdch \u00fadajov n\u00e1m m\u00f4\u017eete zasla\u0165 na email: info@kiteshop.sk alebo priamo na adresu prev\u00e1dzkovate\u013ea.<\/p>\n\n<p>Prev\u00e1dzkovate\u013e je povinn\u00fd bez zbyto\u010dn\u00e9ho odkladu ozn\u00e1mi\u0165 dotknutej osobe poru\u0161enie ochrany osobn\u00fdch \u00fadajov, ak tak\u00e9to poru\u0161enie ochrany osobn\u00fdch \u00fadajov m\u00f4\u017ee vies\u0165 k\u00a0vysok\u00e9mu riziku pre pr\u00e1va dotknutej osoby.<\/p>\n\n<p><\/p>\n\n<p><strong>COOKIES<\/strong><\/p>\n\n<p>Webov\u00e9 str\u00e1nky kiteshop.sk vyu\u017e\u00edvaj\u00fa s\u00fabory cookies pre zabezpe\u010denie korektn\u00e9ho fungovania poskytovan\u00fdch slu\u017eieb.<\/p>\n\n<p><strong>\u010co s\u00fa cookies?<\/strong>\r\nCookies s\u00fa mal\u00fd textov\u00fd s\u00fabory ulo\u017een\u00e9 vo webovom prehliada\u010di pou\u017e\u00edvate\u013ea (napr. Firefox, Safari, Internet Explorer, Google Chrome) v jeho po\u010d\u00edta\u010di (alebo v inom zariaden\u00ed s pr\u00edstupom na internet, napr. smartf\u00f3n alebo tablet). Tieto s\u00fabory zabezpe\u010du\u00fa n\u00e1v\u0161tevn\u00edkovi webstr\u00e1nky mo\u017enos\u0165 op\u00e4tovne jednoducho a r\u00fdchlo z\u00edska\u0165 prisp\u00f4soben\u00fd obsah v\u017edy, ke\u010f sa vr\u00e1ti na webstr\u00e1nky na ktor\u00fdch u\u017e niekedy bol. Inform\u00e1cie z cookies s\u00fa pr\u00edstupn\u00e9 len webstr\u00e1nke, ktor\u00e1 ich vytvorila. Cookies neobsahuj\u00fa \u017eiadne \u010fal\u0161ie softv\u00e9rov\u00e9 programy, ktor\u00e9 by sa mohli sp\u00fa\u0161\u0165a\u0165 v zariaden\u00ed pou\u017e\u00edvate\u013ea s pr\u00edstupom na internet (po\u010d\u00edta\u010d, smartf\u00f3n, tablet, a pod.).<\/p>\n\n<p><strong>Ak\u00fd je obsah cookies?<\/strong>\r\nNa webov\u00fdch str\u00e1nkach kiteshop.sk sa m\u00f4\u017eete stretn\u00fa\u0165 s do\u010dasn\u00fdmi a s trval\u00fdmi s\u00fabormi cookies. Do\u010dasn\u00e9 cookies sa vyu\u017e\u00edvaj\u00fa v prehliada\u010di pou\u017e\u00edvate\u013ea, ke\u010f si prezer\u00e1 webov\u00fa str\u00e1nku, po odchode z webovej str\u00e1nky s\u00fa s\u00fabory z po\u010d\u00edta\u010da (alebo in\u00e9ho zariadenia) vymazan\u00e9. Trval\u00e9 cookies zost\u00e1vaj\u00fa v po\u010d\u00edta\u010di (alebo v inom zariaden\u00ed) a\u017e do uplynutia ich platnosti, alebo vymazania pou\u017e\u00edvate\u013eom. Vyu\u017e\u00edvaj\u00fa sa napr\u00edklad na identifik\u00e1ciu n\u00e1v\u0161tevn\u00edkov prostredn\u00edctvom n\u00e1stroja\u00a0<em>Google Analytics<\/em>\u00a0od spolo\u010dnosti\u00a0<em>Google<sup>TM<\/sup><\/em>. Anal\u00fdzou n\u00e1v\u0161tevnosti a spr\u00e1vania sa n\u00e1v\u0161tevn\u00edkov sa n\u00e1sledne sna\u017e\u00edme zlep\u0161ova\u0165 a prisp\u00f4sobova\u0165 obsah na\u0161\u00edch webov\u00fdch str\u00e1nok.<\/p>\n\n<p><strong>Ak\u00e9 s\u00fa v\u00fdhody pou\u017e\u00edvania cookies?<\/strong>\r\nCookie je s\u00fabor, ktor\u00fd obsahuje inform\u00e1cie z pou\u017e\u00edvate\u013eovho webov\u00e9ho prehliada\u010da a z konkr\u00e9tneho webov\u00e9ho servera. Ak webov\u00fd prehliada\u010d pristupuje znova na webov\u00fd server, server m\u00f4\u017ee jednoduch\u0161ie a r\u00fdchlej\u0161ie na\u010d\u00edta\u0165 tieto inform\u00e1cie a reagova\u0165 na \u00fadaje, ktor\u00e9 s\u00fa v \u0148om ulo\u017een\u00e9. V\u010faka s\u00faborom cookies sme schopn\u00ed neust\u00e1le zlep\u0161ova\u0165 a zdokona\u013eova\u0165 na\u0161e webov\u00e9 str\u00e1nky.<\/p>\n\n<p><strong>Ak\u00e9 s\u00fa mo\u017enosti zmeny nastavenia a odstr\u00e1nenia cookies?<\/strong><\/p>\n\n<p>Ka\u017ed\u00fd pou\u017e\u00edvate\u013e sv\u00f4jho zariadenia vie ovplyvni\u0165, \u010di sa na jeho zariaden\u00ed bud\u00fa uklada\u0165 s\u00fabory Cookies. V pr\u00edpade povolenia ukladania Cookies (predvolen\u00e1 akcia pre v\u00e4\u010d\u0161inu Internetov\u00fdch prehliada\u010dov), u\u017e\u00edvate\u013e ich vie ich prid\u00e1va\u0165\/editova\u0165 alebo maza\u0165 pod\u013ea potreby. Ka\u017ed\u00fd internetov\u00fd prehliada\u010d pon\u00faka n\u00e1stroje, ktor\u00e9 sl\u00fa\u017eia na spr\u00e1vu nastaven\u00ed s\u00faborov cookies. Predin\u0161talovan\u00e9 nastavenie v\u00e4\u010d\u0161iny prehliada\u010dov je tak\u00e9, \u017ee umo\u017e\u0148uj\u00fa ukladanie s\u00faborov cookies pre v\u0161etky webov\u00e9 servery (str\u00e1nky). Nastavenia prehliada\u010da je v\u0161ak mo\u017en\u00e9 zmeni\u0165 tak, \u017ee bude cookies sprac\u00fava\u0165 r\u00f4znymi sp\u00f4sobmi.<\/p>\n\n<p>Napr\u00edklad:<\/p>\n\n<ul class=\"wp-block-list\">\n<li>pou\u017e\u00edvate\u013e pred ka\u017ed\u00fdm ulo\u017een\u00edm s\u00faboru cookie na po\u010d\u00edta\u010di potvrd\u00ed alebo zamietne toto ulo\u017eenie,<\/li>\n<li>pou\u017e\u00edvate\u013e si \u0161pecifikuje spr\u00e1vanie s\u00faborov cookies na konkr\u00e9tnych webov\u00fdch str\u00e1nkach (napr. jeho ob\u013e\u00faben\u00fdch),<\/li>\n<li>pou\u017e\u00edvate\u013e \u00faplne zak\u00e1\u017ee ukladanie s\u00faborov cookies na svojom po\u010d\u00edta\u010di.<\/li>\n<\/ul>\n<p>Pre bli\u017e\u0161ie inform\u00e1cie, kde n\u00e1js\u0165 nastavenia cookies v prehliada\u010di, je potrebn\u00e9 \u00eds\u0165 na str\u00e1nky konkr\u00e9tneho v\u00fdrobcu prehliada\u010da.<\/p>\n","protected":false},"excerpt":{"rendered":"<p>PREV\u00c1DZKOVATE\u013d Spolo\u010dnos\u0165\u00a0Whitecap s. r. o.,\u00a0Parkov\u00e1 489\/22,\u00a095617 Sol\u010dany,\u00a0I\u010cO\u00a051649080\u00a0je prev\u00e1dzkovate\u013eom v\u0161etk\u00fdch osobn\u00fdch \u00fadajov, ktor\u00e9 bude sprac\u00fava\u0165 v\u00a0s\u00falade s\u00a0pr\u00edslu\u0161n\u00fdmi pr\u00e1vnymi predpismi. Prev\u00e1dzkovate\u013e postupuje pri spracovan\u00ed osobn\u00fdch \u00fadajov v\u00a0s\u00falade s\u00a0pr\u00edslu\u0161n\u00fdmi pr\u00e1vnymi predpismi Slovenskej republiky a\u00a0s\u00a0legislat\u00edvou Eur\u00f3pskej \u00fanie a\u00a0v\u00a0maxim\u00e1lnej miere db\u00e1 na s\u00fakromie dotknut\u00fdch os\u00f4b a\u00a0na ochranu ich osobn\u00fdch \u00fadajov, ktor\u00e9 jej boli poskytnut\u00e9 a\u00a0ktor\u00e9 sprac\u00fava. D\u00d4VODY SPRACOVANIA OSOBN\u00ddCH \u00daDAJOV&hellip;<\/p>\n","protected":false},"author":7,"featured_media":0,"parent":0,"menu_order":0,"comment_status":"closed","ping_status":"open","template":"","meta":{"footnotes":""},"class_list":["post-42009","page","type-page","status-publish","hentry","description-off"],"yoast_head":"<!-- This site is optimized with the Yoast SEO plugin v26.7 - https:\/\/yoast.com\/wordpress\/plugins\/seo\/ -->\n<title>Z\u00e1sady ochrany osobn\u00fdch \u00fadajov &#187; Nav\u0161t\u00edv n\u00e1s v KITESHOP.SK<\/title>\n<meta name=\"description\" content=\"V\u0161etko \u010do spr\u00e1vny kiter potrebuje: kite, kiteboard, foil, neopr\u00e9n, trap\u00e9z, ta\u0161ky a mnoho \u010fal\u0161ieho pr\u00edslu\u0161entstva. A nielen na kitesurfing!\" \/>\n<meta name=\"robots\" content=\"index, follow, max-snippet:-1, max-image-preview:large, max-video-preview:-1\" \/>\n<link rel=\"canonical\" href=\"https:\/\/kiteshop.sk\/en\/zasady-ochrany-osobnych-udajov\/\" \/>\n<meta property=\"og:locale\" content=\"en_US\" \/>\n<meta property=\"og:type\" content=\"article\" \/>\n<meta property=\"og:title\" content=\"Z\u00e1sady ochrany osobn\u00fdch \u00fadajov &#187; Nav\u0161t\u00edv n\u00e1s v KITESHOP.SK\" \/>\n<meta property=\"og:description\" content=\"V\u0161etko \u010do spr\u00e1vny kiter potrebuje: kite, kiteboard, foil, neopr\u00e9n, trap\u00e9z, ta\u0161ky a mnoho \u010fal\u0161ieho pr\u00edslu\u0161entstva. A nielen na kitesurfing!\" \/>\n<meta property=\"og:url\" content=\"https:\/\/kiteshop.sk\/en\/zasady-ochrany-osobnych-udajov\/\" \/>\n<meta property=\"og:site_name\" content=\"KITESHOP.SK\" \/>\n<meta property=\"article:modified_time\" content=\"2020-04-12T15:02:06+00:00\" \/>\n<meta name=\"twitter:card\" content=\"summary_large_image\" \/>\n<meta name=\"twitter:label1\" content=\"Est. reading time\" \/>\n\t<meta name=\"twitter:data1\" content=\"6 minutes\" \/>\n<script type=\"application\/ld+json\" class=\"yoast-schema-graph\">{\"@context\":\"https:\/\/schema.org\",\"@graph\":[{\"@type\":\"WebPage\",\"@id\":\"https:\/\/kiteshop.sk\/en\/zasady-ochrany-osobnych-udajov\/\",\"url\":\"https:\/\/kiteshop.sk\/en\/zasady-ochrany-osobnych-udajov\/\",\"name\":\"Z\u00e1sady ochrany osobn\u00fdch \u00fadajov &#187; Nav\u0161t\u00edv n\u00e1s v KITESHOP.SK\",\"isPartOf\":{\"@id\":\"https:\/\/kiteshop.sk\/en\/#website\"},\"datePublished\":\"2019-03-02T10:25:28+00:00\",\"dateModified\":\"2020-04-12T15:02:06+00:00\",\"description\":\"V\u0161etko \u010do spr\u00e1vny kiter potrebuje: kite, kiteboard, foil, neopr\u00e9n, trap\u00e9z, ta\u0161ky a mnoho \u010fal\u0161ieho pr\u00edslu\u0161entstva. A nielen na kitesurfing!\",\"breadcrumb\":{\"@id\":\"https:\/\/kiteshop.sk\/en\/zasady-ochrany-osobnych-udajov\/#breadcrumb\"},\"inLanguage\":\"en-US\",\"potentialAction\":[{\"@type\":\"ReadAction\",\"target\":[\"https:\/\/kiteshop.sk\/en\/zasady-ochrany-osobnych-udajov\/\"]}]},{\"@type\":\"BreadcrumbList\",\"@id\":\"https:\/\/kiteshop.sk\/en\/zasady-ochrany-osobnych-udajov\/#breadcrumb\",\"itemListElement\":[{\"@type\":\"ListItem\",\"position\":1,\"name\":\"Home\",\"item\":\"https:\/\/kiteshop.sk\/en\/home\/\"},{\"@type\":\"ListItem\",\"position\":2,\"name\":\"Z\u00e1sady ochrany osobn\u00fdch \u00fadajov\"}]},{\"@type\":\"WebSite\",\"@id\":\"https:\/\/kiteshop.sk\/en\/#website\",\"url\":\"https:\/\/kiteshop.sk\/en\/\",\"name\":\"KITESHOP.SK\",\"description\":\"All you need to be a real kiter!\",\"publisher\":{\"@id\":\"https:\/\/kiteshop.sk\/en\/#organization\"},\"potentialAction\":[{\"@type\":\"SearchAction\",\"target\":{\"@type\":\"EntryPoint\",\"urlTemplate\":\"https:\/\/kiteshop.sk\/en\/?s={search_term_string}\"},\"query-input\":{\"@type\":\"PropertyValueSpecification\",\"valueRequired\":true,\"valueName\":\"search_term_string\"}}],\"inLanguage\":\"en-US\"},{\"@type\":\"Organization\",\"@id\":\"https:\/\/kiteshop.sk\/en\/#organization\",\"name\":\"KITESHOP.SK\",\"url\":\"https:\/\/kiteshop.sk\/en\/\",\"logo\":{\"@type\":\"ImageObject\",\"inLanguage\":\"en-US\",\"@id\":\"https:\/\/kiteshop.sk\/en\/#\/schema\/logo\/image\/\",\"url\":\"https:\/\/kiteshop.sk\/wp-content\/uploads\/2019\/05\/Kiteshop_logo_h110.png\",\"contentUrl\":\"https:\/\/kiteshop.sk\/wp-content\/uploads\/2019\/05\/Kiteshop_logo_h110.png\",\"width\":342,\"height\":110,\"caption\":\"KITESHOP.SK\"},\"image\":{\"@id\":\"https:\/\/kiteshop.sk\/en\/#\/schema\/logo\/image\/\"}}]}<\/script>\n<!-- \/ Yoast SEO plugin. -->","yoast_head_json":{"title":"Z\u00e1sady ochrany osobn\u00fdch \u00fadajov &#187; Nav\u0161t\u00edv n\u00e1s v KITESHOP.SK","description":"V\u0161etko \u010do spr\u00e1vny kiter potrebuje: kite, kiteboard, foil, neopr\u00e9n, trap\u00e9z, ta\u0161ky a mnoho \u010fal\u0161ieho pr\u00edslu\u0161entstva. A nielen na kitesurfing!","robots":{"index":"index","follow":"follow","max-snippet":"max-snippet:-1","max-image-preview":"max-image-preview:large","max-video-preview":"max-video-preview:-1"},"canonical":"https:\/\/kiteshop.sk\/en\/zasady-ochrany-osobnych-udajov\/","og_locale":"en_US","og_type":"article","og_title":"Z\u00e1sady ochrany osobn\u00fdch \u00fadajov &#187; Nav\u0161t\u00edv n\u00e1s v KITESHOP.SK","og_description":"V\u0161etko \u010do spr\u00e1vny kiter potrebuje: kite, kiteboard, foil, neopr\u00e9n, trap\u00e9z, ta\u0161ky a mnoho \u010fal\u0161ieho pr\u00edslu\u0161entstva. A nielen na kitesurfing!","og_url":"https:\/\/kiteshop.sk\/en\/zasady-ochrany-osobnych-udajov\/","og_site_name":"KITESHOP.SK","article_modified_time":"2020-04-12T15:02:06+00:00","twitter_card":"summary_large_image","twitter_misc":{"Est. reading time":"6 minutes"},"schema":{"@context":"https:\/\/schema.org","@graph":[{"@type":"WebPage","@id":"https:\/\/kiteshop.sk\/en\/zasady-ochrany-osobnych-udajov\/","url":"https:\/\/kiteshop.sk\/en\/zasady-ochrany-osobnych-udajov\/","name":"Z\u00e1sady ochrany osobn\u00fdch \u00fadajov &#187; Nav\u0161t\u00edv n\u00e1s v KITESHOP.SK","isPartOf":{"@id":"https:\/\/kiteshop.sk\/en\/#website"},"datePublished":"2019-03-02T10:25:28+00:00","dateModified":"2020-04-12T15:02:06+00:00","description":"V\u0161etko \u010do spr\u00e1vny kiter potrebuje: kite, kiteboard, foil, neopr\u00e9n, trap\u00e9z, ta\u0161ky a mnoho \u010fal\u0161ieho pr\u00edslu\u0161entstva. A nielen na kitesurfing!","breadcrumb":{"@id":"https:\/\/kiteshop.sk\/en\/zasady-ochrany-osobnych-udajov\/#breadcrumb"},"inLanguage":"en-US","potentialAction":[{"@type":"ReadAction","target":["https:\/\/kiteshop.sk\/en\/zasady-ochrany-osobnych-udajov\/"]}]},{"@type":"BreadcrumbList","@id":"https:\/\/kiteshop.sk\/en\/zasady-ochrany-osobnych-udajov\/#breadcrumb","itemListElement":[{"@type":"ListItem","position":1,"name":"Home","item":"https:\/\/kiteshop.sk\/en\/home\/"},{"@type":"ListItem","position":2,"name":"Z\u00e1sady ochrany osobn\u00fdch \u00fadajov"}]},{"@type":"WebSite","@id":"https:\/\/kiteshop.sk\/en\/#website","url":"https:\/\/kiteshop.sk\/en\/","name":"KITESHOP.SK","description":"All you need to be a real kiter!","publisher":{"@id":"https:\/\/kiteshop.sk\/en\/#organization"},"potentialAction":[{"@type":"SearchAction","target":{"@type":"EntryPoint","urlTemplate":"https:\/\/kiteshop.sk\/en\/?s={search_term_string}"},"query-input":{"@type":"PropertyValueSpecification","valueRequired":true,"valueName":"search_term_string"}}],"inLanguage":"en-US"},{"@type":"Organization","@id":"https:\/\/kiteshop.sk\/en\/#organization","name":"KITESHOP.SK","url":"https:\/\/kiteshop.sk\/en\/","logo":{"@type":"ImageObject","inLanguage":"en-US","@id":"https:\/\/kiteshop.sk\/en\/#\/schema\/logo\/image\/","url":"https:\/\/kiteshop.sk\/wp-content\/uploads\/2019\/05\/Kiteshop_logo_h110.png","contentUrl":"https:\/\/kiteshop.sk\/wp-content\/uploads\/2019\/05\/Kiteshop_logo_h110.png","width":342,"height":110,"caption":"KITESHOP.SK"},"image":{"@id":"https:\/\/kiteshop.sk\/en\/#\/schema\/logo\/image\/"}}]}},"_links":{"self":[{"href":"https:\/\/kiteshop.sk\/en\/wp-json\/wp\/v2\/pages\/42009","targetHints":{"allow":["GET"]}}],"collection":[{"href":"https:\/\/kiteshop.sk\/en\/wp-json\/wp\/v2\/pages"}],"about":[{"href":"https:\/\/kiteshop.sk\/en\/wp-json\/wp\/v2\/types\/page"}],"author":[{"embeddable":true,"href":"https:\/\/kiteshop.sk\/en\/wp-json\/wp\/v2\/users\/7"}],"replies":[{"embeddable":true,"href":"https:\/\/kiteshop.sk\/en\/wp-json\/wp\/v2\/comments?post=42009"}],"version-history":[{"count":0,"href":"https:\/\/kiteshop.sk\/en\/wp-json\/wp\/v2\/pages\/42009\/revisions"}],"wp:attachment":[{"href":"https:\/\/kiteshop.sk\/en\/wp-json\/wp\/v2\/media?parent=42009"}],"curies":[{"name":"wp","href":"https:\/\/api.w.org\/{rel}","templated":true}]}}