{"id":44017,"date":"2021-09-07T09:54:56","date_gmt":"2021-09-07T07:54:56","guid":{"rendered":"https:\/\/kiteshop.sk\/cart-2\/"},"modified":"2021-09-08T10:28:45","modified_gmt":"2021-09-08T08:28:45","slug":"cart","status":"publish","type":"page","link":"https:\/\/kiteshop.sk\/en\/cart\/","title":{"rendered":"Cart"},"content":{"rendered":"\n","protected":false},"excerpt":{"rendered":"","protected":false},"author":7,"featured_media":0,"parent":0,"menu_order":0,"comment_status":"closed","ping_status":"closed","template":"","meta":{"footnotes":""},"class_list":["post-44017","page","type-page","status-publish","hentry","description-off"],"yoast_head":"<!-- This site is optimized with the Yoast SEO plugin v26.7 - https:\/\/yoast.com\/wordpress\/plugins\/seo\/ -->\n<title>Cart &#187; Nav\u0161t\u00edv n\u00e1s v KITESHOP.SK<\/title>\n<meta name=\"description\" content=\"V\u0161etko \u010do spr\u00e1vny kiter potrebuje: kite, kiteboard, foil, neopr\u00e9n, trap\u00e9z, ta\u0161ky a mnoho \u010fal\u0161ieho pr\u00edslu\u0161entstva. A nielen na kitesurfing!\" \/>\n<meta name=\"robots\" content=\"index, follow, max-snippet:-1, max-image-preview:large, max-video-preview:-1\" \/>\n<link rel=\"canonical\" href=\"https:\/\/kiteshop.sk\/en\/cart\/\" \/>\n<meta property=\"og:locale\" content=\"en_US\" \/>\n<meta property=\"og:type\" content=\"article\" \/>\n<meta property=\"og:title\" content=\"Cart &#187; Nav\u0161t\u00edv n\u00e1s v KITESHOP.SK\" \/>\n<meta property=\"og:description\" content=\"V\u0161etko \u010do spr\u00e1vny kiter potrebuje: kite, kiteboard, foil, neopr\u00e9n, trap\u00e9z, ta\u0161ky a mnoho \u010fal\u0161ieho pr\u00edslu\u0161entstva. A nielen na kitesurfing!\" \/>\n<meta property=\"og:url\" content=\"https:\/\/kiteshop.sk\/en\/cart\/\" \/>\n<meta property=\"og:site_name\" content=\"KITESHOP.SK\" \/>\n<meta property=\"article:modified_time\" content=\"2021-09-08T08:28:45+00:00\" \/>\n<meta name=\"twitter:card\" content=\"summary_large_image\" \/>\n<script type=\"application\/ld+json\" class=\"yoast-schema-graph\">{\"@context\":\"https:\/\/schema.org\",\"@graph\":[{\"@type\":\"WebPage\",\"@id\":\"https:\/\/kiteshop.sk\/en\/cart\/\",\"url\":\"https:\/\/kiteshop.sk\/en\/cart\/\",\"name\":\"Cart &#187; Nav\u0161t\u00edv n\u00e1s v KITESHOP.SK\",\"isPartOf\":{\"@id\":\"https:\/\/kiteshop.sk\/en\/#website\"},\"datePublished\":\"2021-09-07T07:54:56+00:00\",\"dateModified\":\"2021-09-08T08:28:45+00:00\",\"description\":\"V\u0161etko \u010do spr\u00e1vny kiter potrebuje: kite, kiteboard, foil, neopr\u00e9n, trap\u00e9z, ta\u0161ky a mnoho \u010fal\u0161ieho pr\u00edslu\u0161entstva. A nielen na kitesurfing!\",\"breadcrumb\":{\"@id\":\"https:\/\/kiteshop.sk\/en\/cart\/#breadcrumb\"},\"inLanguage\":\"en-US\",\"potentialAction\":[{\"@type\":\"ReadAction\",\"target\":[\"https:\/\/kiteshop.sk\/en\/cart\/\"]}]},{\"@type\":\"BreadcrumbList\",\"@id\":\"https:\/\/kiteshop.sk\/en\/cart\/#breadcrumb\",\"itemListElement\":[{\"@type\":\"ListItem\",\"position\":1,\"name\":\"Home\",\"item\":\"https:\/\/kiteshop.sk\/en\/home\/\"},{\"@type\":\"ListItem\",\"position\":2,\"name\":\"Cart\"}]},{\"@type\":\"WebSite\",\"@id\":\"https:\/\/kiteshop.sk\/en\/#website\",\"url\":\"https:\/\/kiteshop.sk\/en\/\",\"name\":\"KITESHOP.SK\",\"description\":\"All you need to be a real kiter!\",\"publisher\":{\"@id\":\"https:\/\/kiteshop.sk\/en\/#organization\"},\"potentialAction\":[{\"@type\":\"SearchAction\",\"target\":{\"@type\":\"EntryPoint\",\"urlTemplate\":\"https:\/\/kiteshop.sk\/en\/?s={search_term_string}\"},\"query-input\":{\"@type\":\"PropertyValueSpecification\",\"valueRequired\":true,\"valueName\":\"search_term_string\"}}],\"inLanguage\":\"en-US\"},{\"@type\":\"Organization\",\"@id\":\"https:\/\/kiteshop.sk\/en\/#organization\",\"name\":\"KITESHOP.SK\",\"url\":\"https:\/\/kiteshop.sk\/en\/\",\"logo\":{\"@type\":\"ImageObject\",\"inLanguage\":\"en-US\",\"@id\":\"https:\/\/kiteshop.sk\/en\/#\/schema\/logo\/image\/\",\"url\":\"https:\/\/kiteshop.sk\/wp-content\/uploads\/2019\/05\/Kiteshop_logo_h110.png\",\"contentUrl\":\"https:\/\/kiteshop.sk\/wp-content\/uploads\/2019\/05\/Kiteshop_logo_h110.png\",\"width\":342,\"height\":110,\"caption\":\"KITESHOP.SK\"},\"image\":{\"@id\":\"https:\/\/kiteshop.sk\/en\/#\/schema\/logo\/image\/\"}}]}<\/script>\n<!-- \/ Yoast SEO plugin. -->","yoast_head_json":{"title":"Cart &#187; Nav\u0161t\u00edv n\u00e1s v KITESHOP.SK","description":"V\u0161etko \u010do spr\u00e1vny kiter potrebuje: kite, kiteboard, foil, neopr\u00e9n, trap\u00e9z, ta\u0161ky a mnoho \u010fal\u0161ieho pr\u00edslu\u0161entstva. A nielen na kitesurfing!","robots":{"index":"index","follow":"follow","max-snippet":"max-snippet:-1","max-image-preview":"max-image-preview:large","max-video-preview":"max-video-preview:-1"},"canonical":"https:\/\/kiteshop.sk\/en\/cart\/","og_locale":"en_US","og_type":"article","og_title":"Cart &#187; Nav\u0161t\u00edv n\u00e1s v KITESHOP.SK","og_description":"V\u0161etko \u010do spr\u00e1vny kiter potrebuje: kite, kiteboard, foil, neopr\u00e9n, trap\u00e9z, ta\u0161ky a mnoho \u010fal\u0161ieho pr\u00edslu\u0161entstva. A nielen na kitesurfing!","og_url":"https:\/\/kiteshop.sk\/en\/cart\/","og_site_name":"KITESHOP.SK","article_modified_time":"2021-09-08T08:28:45+00:00","twitter_card":"summary_large_image","schema":{"@context":"https:\/\/schema.org","@graph":[{"@type":"WebPage","@id":"https:\/\/kiteshop.sk\/en\/cart\/","url":"https:\/\/kiteshop.sk\/en\/cart\/","name":"Cart &#187; Nav\u0161t\u00edv n\u00e1s v KITESHOP.SK","isPartOf":{"@id":"https:\/\/kiteshop.sk\/en\/#website"},"datePublished":"2021-09-07T07:54:56+00:00","dateModified":"2021-09-08T08:28:45+00:00","description":"V\u0161etko \u010do spr\u00e1vny kiter potrebuje: kite, kiteboard, foil, neopr\u00e9n, trap\u00e9z, ta\u0161ky a mnoho \u010fal\u0161ieho pr\u00edslu\u0161entstva. A nielen na kitesurfing!","breadcrumb":{"@id":"https:\/\/kiteshop.sk\/en\/cart\/#breadcrumb"},"inLanguage":"en-US","potentialAction":[{"@type":"ReadAction","target":["https:\/\/kiteshop.sk\/en\/cart\/"]}]},{"@type":"BreadcrumbList","@id":"https:\/\/kiteshop.sk\/en\/cart\/#breadcrumb","itemListElement":[{"@type":"ListItem","position":1,"name":"Home","item":"https:\/\/kiteshop.sk\/en\/home\/"},{"@type":"ListItem","position":2,"name":"Cart"}]},{"@type":"WebSite","@id":"https:\/\/kiteshop.sk\/en\/#website","url":"https:\/\/kiteshop.sk\/en\/","name":"KITESHOP.SK","description":"All you need to be a real kiter!","publisher":{"@id":"https:\/\/kiteshop.sk\/en\/#organization"},"potentialAction":[{"@type":"SearchAction","target":{"@type":"EntryPoint","urlTemplate":"https:\/\/kiteshop.sk\/en\/?s={search_term_string}"},"query-input":{"@type":"PropertyValueSpecification","valueRequired":true,"valueName":"search_term_string"}}],"inLanguage":"en-US"},{"@type":"Organization","@id":"https:\/\/kiteshop.sk\/en\/#organization","name":"KITESHOP.SK","url":"https:\/\/kiteshop.sk\/en\/","logo":{"@type":"ImageObject","inLanguage":"en-US","@id":"https:\/\/kiteshop.sk\/en\/#\/schema\/logo\/image\/","url":"https:\/\/kiteshop.sk\/wp-content\/uploads\/2019\/05\/Kiteshop_logo_h110.png","contentUrl":"https:\/\/kiteshop.sk\/wp-content\/uploads\/2019\/05\/Kiteshop_logo_h110.png","width":342,"height":110,"caption":"KITESHOP.SK"},"image":{"@id":"https:\/\/kiteshop.sk\/en\/#\/schema\/logo\/image\/"}}]}},"_links":{"self":[{"href":"https:\/\/kiteshop.sk\/en\/wp-json\/wp\/v2\/pages\/44017","targetHints":{"allow":["GET"]}}],"collection":[{"href":"https:\/\/kiteshop.sk\/en\/wp-json\/wp\/v2\/pages"}],"about":[{"href":"https:\/\/kiteshop.sk\/en\/wp-json\/wp\/v2\/types\/page"}],"author":[{"embeddable":true,"href":"https:\/\/kiteshop.sk\/en\/wp-json\/wp\/v2\/users\/7"}],"replies":[{"embeddable":true,"href":"https:\/\/kiteshop.sk\/en\/wp-json\/wp\/v2\/comments?post=44017"}],"version-history":[{"count":0,"href":"https:\/\/kiteshop.sk\/en\/wp-json\/wp\/v2\/pages\/44017\/revisions"}],"wp:attachment":[{"href":"https:\/\/kiteshop.sk\/en\/wp-json\/wp\/v2\/media?parent=44017"}],"curies":[{"name":"wp","href":"https:\/\/api.w.org\/{rel}","templated":true}]}}